{"id":985,"date":"2024-10-02T14:35:32","date_gmt":"2024-10-02T14:35:32","guid":{"rendered":"https:\/\/blueplanprojects.com\/new\/dienstleistungen\/instandhaltung-von-immobilien-2\/"},"modified":"2024-10-02T14:51:57","modified_gmt":"2024-10-02T14:51:57","slug":"instandhaltung-von-immobilien-2","status":"publish","type":"page","link":"https:\/\/blueplanprojects.com\/de\/dienstleistungen\/instandhaltung-von-immobilien-2\/","title":{"rendered":"Schwimmb\u00e4der"},"content":{"rendered":"<div class=\"wpb-content-wrapper\"><p>[vc_row row_height_percent=&#8220;70&#8243; override_padding=&#8220;yes&#8220; h_padding=&#8220;2&#8243; top_padding=&#8220;5&#8243; bottom_padding=&#8220;5&#8243; back_image=&#8220;992&#8243; back_position=&#8220;center center&#8220; overlay_alpha=&#8220;80&#8243; gutter_size=&#8220;3&#8243; column_width_percent=&#8220;100&#8243; shift_y=&#8220;0&#8243; z_index=&#8220;0&#8243; uncode_shortcode_id=&#8220;610424&#8243;][vc_column column_width_percent=&#8220;100&#8243; position_vertical=&#8220;middle&#8220; align_horizontal=&#8220;align_center&#8220; gutter_size=&#8220;2&#8243; style=&#8220;dark&#8220; overlay_alpha=&#8220;50&#8243; shift_x=&#8220;0&#8243; shift_y=&#8220;0&#8243; z_index=&#8220;0&#8243; medium_width=&#8220;0&#8243; mobile_width=&#8220;0&#8243; css_animation=&#8220;zoom-in&#8220; animation_speed=&#8220;600&#8243; animation_delay=&#8220;600&#8243; width=&#8220;1\/1&#8243;][\/vc_column][\/vc_row][vc_row unlock_row=&#8220;&#8220; row_height_percent=&#8220;0&#8243; overlay_alpha=&#8220;50&#8243; gutter_size=&#8220;3&#8243; column_width_percent=&#8220;100&#8243; shift_y=&#8220;0&#8243; z_index=&#8220;0&#8243; uncode_shortcode_id=&#8220;698333&#8243; css=&#8220;.vc_custom_1727870978890{padding-top: 40px !important;}&#8220;][vc_column column_width_percent=&#8220;100&#8243; position_vertical=&#8220;middle&#8220; align_horizontal=&#8220;align_center&#8220; gutter_size=&#8220;3&#8243; overlay_alpha=&#8220;50&#8243; shift_x=&#8220;0&#8243; shift_y=&#8220;0&#8243; shift_y_down=&#8220;0&#8243; z_index=&#8220;0&#8243; medium_width=&#8220;0&#8243; mobile_width=&#8220;0&#8243; width=&#8220;1\/1&#8243; uncode_shortcode_id=&#8220;135633&#8243;][vc_custom_heading heading_semantic=&#8220;h6&#8243; text_size=&#8220;h6&#8243; text_transform=&#8220;uppercase&#8220; uncode_shortcode_id=&#8220;170341&#8243;]<\/p>\n<h1>Schwimmb\u00e4der<\/h1>\n<p>[\/vc_custom_heading][vc_custom_heading heading_semantic=&#8220;h3&#8243; text_size=&#8220;h1&#8243; uncode_shortcode_id=&#8220;493159&#8243;]<\/p>\n<h3>Gestalten Sie Ihren Traum-Pool auf Mallorca mit unserem Experten-Service<\/h3>\n<p>[\/vc_custom_heading][vc_separator sep_color=&#8220;,Default&#8220;][vc_custom_heading heading_semantic=&#8220;p&#8220; text_size=&#8220;h1&#8243; uncode_shortcode_id=&#8220;578493&#8243;]<\/p>\n<h3><b>Fachm\u00e4nnische Poolinstallation und -pflege auf Mallorca<\/b><\/h3>\n<p>  Schaffen Sie eine erfrischende Oase in Ihrem Haus oder Grundst\u00fcck auf Mallorca mit unserem professionellen Pool-Installations- und Wartungsservice.<br \/>\nVon der Planung und dem Bau bis hin zur laufenden Pflege sorgt unser Expertenteam daf\u00fcr, dass Ihr Pool immer blitzsauber ist und Spa\u00df macht.   <strong>Unsere Dienstleistungen umfassen:<\/strong>[\/vc_custom_heading][vc_separator sep_color=&#8220;,Default&#8220;][\/vc_column][\/vc_row][vc_row row_height_percent=&#8220;50&#8243; override_padding=&#8220;yes&#8220; h_padding=&#8220;0&#8243; top_padding=&#8220;3&#8243; bottom_padding=&#8220;0&#8243; overlay_alpha=&#8220;50&#8243; equal_height=&#8220;yes&#8220; gutter_size=&#8220;0&#8243; column_width_percent=&#8220;100&#8243; shift_y=&#8220;0&#8243; z_index=&#8220;0&#8243; uncode_shortcode_id=&#8220;118226&#8243;][vc_column column_width_percent=&#8220;100&#8243; gutter_size=&#8220;3&#8243; override_padding=&#8220;yes&#8220; column_padding=&#8220;4&#8243; back_image=&#8220;994&#8243; overlay_alpha=&#8220;50&#8243; shift_x=&#8220;0&#8243; shift_y=&#8220;0&#8243; shift_y_down=&#8220;0&#8243; z_index=&#8220;0&#8243; medium_visibility=&#8220;yes&#8220; medium_width=&#8220;0&#8243; mobile_visibility=&#8220;yes&#8220; mobile_width=&#8220;0&#8243; css_animation=&#8220;bottom-t-top&#8220; animation_delay=&#8220;100&#8243; width=&#8220;1\/2&#8243; mobile_height=&#8220;300&#8243; uncode_shortcode_id=&#8220;216438&#8243;][\/vc_column][vc_column column_width_percent=&#8220;100&#8243; gutter_size=&#8220;0&#8243; overlay_alpha=&#8220;50&#8243; shift_x=&#8220;0&#8243; shift_y=&#8220;0&#8243; shift_y_down=&#8220;0&#8243; z_index=&#8220;0&#8243; medium_width=&#8220;0&#8243; mobile_width=&#8220;0&#8243; css_animation=&#8220;bottom-t-top&#8220; animation_delay=&#8220;300&#8243; width=&#8220;1\/2&#8243; uncode_shortcode_id=&#8220;183964&#8243;][vc_row_inner row_inner_height_percent=&#8220;50&#8243; overlay_alpha=&#8220;50&#8243; gutter_size=&#8220;3&#8243; shift_y=&#8220;0&#8243; z_index=&#8220;0&#8243; uncode_shortcode_id=&#8220;122770&#8243;][vc_column_inner column_width_percent=&#8220;100&#8243; gutter_size=&#8220;2&#8243; override_padding=&#8220;yes&#8220; column_padding=&#8220;4&#8243; overlay_alpha=&#8220;50&#8243; shift_x=&#8220;0&#8243; shift_y=&#8220;0&#8243; shift_y_down=&#8220;0&#8243; z_index=&#8220;0&#8243; medium_width=&#8220;0&#8243; mobile_width=&#8220;0&#8243; width=&#8220;1\/1&#8243;][vc_column_text uncode_shortcode_id=&#8220;901875&#8243;]<\/p>\n<h3>Design und Installation eines ma\u00dfgeschneiderten Pools<\/h3>\n<p>  Schaffen Sie eine pers\u00f6nliche Pool-Oase, die perfekt zu Ihrem Haus auf Mallorca passt.<br \/>\nUnser Expertenteam wird eng mit Ihnen zusammenarbeiten, um einen ma\u00dfgeschneiderten Pool zu entwerfen, der auf Ihren Platz, Ihre Vorlieben und Ihr Budget zugeschnitten ist.<br \/>\nWir verwenden hochwertige Materialien und besch\u00e4ftigen qualifizierte Handwerker, um einen langlebigen und optisch beeindruckenden Pool zu gew\u00e4hrleisten.<br \/>\nGenie\u00dfen Sie die Vorteile eines energieeffizienten Poolsystems, das die Umweltbelastung und die Betriebskosten reduziert.[\/vc_column_text][\/vc_column_inner][\/vc_row_inner][\/vc_column][\/vc_row][vc_row row_height_percent=&#8220;50&#8243; override_padding=&#8220;yes&#8220; h_padding=&#8220;0&#8243; top_padding=&#8220;3&#8243; bottom_padding=&#8220;3&#8243; overlay_alpha=&#8220;50&#8243; equal_height=&#8220;yes&#8220; gutter_size=&#8220;0&#8243; column_width_percent=&#8220;100&#8243; shift_y=&#8220;0&#8243; z_index=&#8220;0&#8243; uncode_shortcode_id=&#8220;833515&#8243;][vc_column column_width_percent=&#8220;100&#8243; gutter_size=&#8220;0&#8243; overlay_alpha=&#8220;50&#8243; shift_x=&#8220;0&#8243; shift_y=&#8220;0&#8243; shift_y_down=&#8220;0&#8243; z_index=&#8220;0&#8243; medium_width=&#8220;0&#8243; mobile_width=&#8220;0&#8243; css_animation=&#8220;bottom-t-top&#8220; animation_delay=&#8220;100&#8243; width=&#8220;1\/2&#8243; uncode_shortcode_id=&#8220;283406&#8243;][vc_row_inner row_inner_height_percent=&#8220;50&#8243; overlay_alpha=&#8220;50&#8243; gutter_size=&#8220;3&#8243; shift_y=&#8220;0&#8243; z_index=&#8220;0&#8243; uncode_shortcode_id=&#8220;299513&#8243;][vc_column_inner column_width_percent=&#8220;100&#8243; gutter_size=&#8220;3&#8243; override_padding=&#8220;yes&#8220; column_padding=&#8220;4&#8243; overlay_alpha=&#8220;50&#8243; shift_x=&#8220;0&#8243; shift_y=&#8220;0&#8243; z_index=&#8220;0&#8243; medium_width=&#8220;0&#8243; mobile_width=&#8220;0&#8243; width=&#8220;1\/1&#8243;][vc_column_text uncode_shortcode_id=&#8220;113720&#8243;]<\/p>\n<h3>Umfassende Poolpflege<\/h3>\n<p>  Halten Sie Ihren Pool mit unserem fachm\u00e4nnischen Wartungsservice blitzsauber und sicher.<br \/>\nUnser Team k\u00fcmmert sich um alle Aspekte der Poolpflege, einschlie\u00dflich regelm\u00e4\u00dfiger Reinigung, Wasseraufbereitung, Wartung der Ger\u00e4te und Sicherheitsinspektionen.<br \/>\nWir bieten saisonale Dienstleistungen wie \u00dcberwinterung und \u00d6ffnung an, damit Ihr Pool immer einsatzbereit ist.[\/vc_column_text][\/vc_column_inner][\/vc_row_inner][\/vc_column][vc_column column_width_percent=&#8220;100&#8243; gutter_size=&#8220;3&#8243; override_padding=&#8220;yes&#8220; column_padding=&#8220;4&#8243; back_image=&#8220;996&#8243; overlay_alpha=&#8220;50&#8243; shift_x=&#8220;0&#8243; shift_y=&#8220;0&#8243; shift_y_down=&#8220;0&#8243; z_index=&#8220;0&#8243; medium_width=&#8220;0&#8243; mobile_width=&#8220;0&#8243; css_animation=&#8220;bottom-t-top&#8220; animation_delay=&#8220;300&#8243; width=&#8220;1\/2&#8243; mobile_height=&#8220;340&#8243; uncode_shortcode_id=&#8220;668304&#8243;][\/vc_column][\/vc_row][vc_row row_height_percent=&#8220;50&#8243; override_padding=&#8220;yes&#8220; h_padding=&#8220;0&#8243; top_padding=&#8220;3&#8243; bottom_padding=&#8220;0&#8243; overlay_alpha=&#8220;50&#8243; equal_height=&#8220;yes&#8220; gutter_size=&#8220;0&#8243; column_width_percent=&#8220;100&#8243; shift_y=&#8220;0&#8243; z_index=&#8220;0&#8243; uncode_shortcode_id=&#8220;233257&#8243;][vc_column column_width_percent=&#8220;100&#8243; gutter_size=&#8220;3&#8243; override_padding=&#8220;yes&#8220; column_padding=&#8220;4&#8243; back_image=&#8220;998&#8243; overlay_alpha=&#8220;50&#8243; shift_x=&#8220;0&#8243; shift_y=&#8220;0&#8243; shift_y_down=&#8220;0&#8243; z_index=&#8220;0&#8243; medium_visibility=&#8220;yes&#8220; medium_width=&#8220;0&#8243; mobile_visibility=&#8220;yes&#8220; mobile_width=&#8220;0&#8243; css_animation=&#8220;bottom-t-top&#8220; animation_delay=&#8220;100&#8243; width=&#8220;1\/2&#8243; mobile_height=&#8220;300&#8243; uncode_shortcode_id=&#8220;101956&#8243;][\/vc_column][vc_column column_width_percent=&#8220;100&#8243; gutter_size=&#8220;0&#8243; overlay_alpha=&#8220;50&#8243; shift_x=&#8220;0&#8243; shift_y=&#8220;0&#8243; shift_y_down=&#8220;0&#8243; z_index=&#8220;0&#8243; medium_width=&#8220;0&#8243; mobile_width=&#8220;0&#8243; css_animation=&#8220;bottom-t-top&#8220; animation_delay=&#8220;300&#8243; width=&#8220;1\/2&#8243; uncode_shortcode_id=&#8220;183964&#8243;][vc_row_inner row_inner_height_percent=&#8220;50&#8243; overlay_alpha=&#8220;50&#8243; gutter_size=&#8220;3&#8243; shift_y=&#8220;0&#8243; z_index=&#8220;0&#8243; uncode_shortcode_id=&#8220;122770&#8243;][vc_column_inner column_width_percent=&#8220;100&#8243; gutter_size=&#8220;2&#8243; override_padding=&#8220;yes&#8220; column_padding=&#8220;4&#8243; overlay_alpha=&#8220;50&#8243; shift_x=&#8220;0&#8243; shift_y=&#8220;0&#8243; shift_y_down=&#8220;0&#8243; z_index=&#8220;0&#8243; medium_width=&#8220;0&#8243; mobile_width=&#8220;0&#8243; width=&#8220;1\/1&#8243;][vc_column_text uncode_shortcode_id=&#8220;150524&#8243;]<\/p>\n<h3>Pool-Renovierung und -Umbau<\/h3>\n<p>  Verwandeln Sie Ihren bestehenden Pool in ein modernes Meisterwerk.<br \/>\nUnsere Renovierungsdienste umfassen die Aktualisierung veralteter Merkmale, die Verbesserung der Funktionalit\u00e4t und das Hinzuf\u00fcgen stilvoller Designelemente.<br \/>\nGanz gleich, ob Sie die Form, die Gr\u00f6\u00dfe oder die Gesamt\u00e4sthetik \u00e4ndern m\u00f6chten, unsere Experten k\u00f6nnen Ihre Vision zum Leben erwecken.[\/vc_column_text][\/vc_column_inner][\/vc_row_inner][\/vc_column][\/vc_row][vc_row unlock_row=&#8220;&#8220; row_height_percent=&#8220;0&#8243; overlay_alpha=&#8220;50&#8243; gutter_size=&#8220;3&#8243; column_width_percent=&#8220;100&#8243; shift_y=&#8220;0&#8243; z_index=&#8220;0&#8243; uncode_shortcode_id=&#8220;698333&#8243; css=&#8220;.vc_custom_1727870978890{padding-top: 40px !important;}&#8220;][vc_column column_width_percent=&#8220;100&#8243; position_vertical=&#8220;middle&#8220; align_horizontal=&#8220;align_center&#8220; gutter_size=&#8220;3&#8243; overlay_alpha=&#8220;50&#8243; shift_x=&#8220;0&#8243; shift_y=&#8220;0&#8243; shift_y_down=&#8220;0&#8243; z_index=&#8220;0&#8243; medium_width=&#8220;0&#8243; mobile_width=&#8220;0&#8243; width=&#8220;1\/1&#8243; uncode_shortcode_id=&#8220;135633&#8243;][vc_separator sep_color=&#8220;,Default&#8220;][vc_custom_heading heading_semantic=&#8220;p&#8220; text_size=&#8220;h1&#8243; uncode_shortcode_id=&#8220;203482&#8243;]<\/p>\n<h3>Schwimmbadbau, Renovierung und Umgestaltung<\/h3>\n<p>[\/vc_custom_heading][vc_custom_heading heading_semantic=&#8220;p&#8220; text_size=&#8220;&#8220; uncode_shortcode_id=&#8220;205295&#8243;]Verwandeln Sie Ihren bestehenden Pool in ein modernes Meisterwerk.<br \/>\nUnsere Renovierungsdienste umfassen die Aktualisierung veralteter Merkmale, die Verbesserung der Funktionalit\u00e4t und das Hinzuf\u00fcgen stilvoller Designelemente.<br \/>\nGanz gleich, ob Sie die Form, die Gr\u00f6\u00dfe oder die Gesamt\u00e4sthetik \u00e4ndern m\u00f6chten, unsere Experten k\u00f6nnen Ihre Vision zum Leben erwecken.[\/vc_custom_heading][vc_separator sep_color=&#8220;,Default&#8220;][vc_button border_width=&#8220;0&#8243; uncode_shortcode_id=&#8220;165968&#8243; link=&#8220;url:https%3A%2F%2Fblueplanprojects.com%2Fde%2Fkontakt%2F|title:Kontakt|&#8220;]Kontaktieren Sie uns heute[\/vc_button][\/vc_column][\/vc_row]<\/p>\n<\/div>","protected":false},"excerpt":{"rendered":"<p>[vc_row row_height_percent=&#8220;70&#8243; override_padding=&#8220;yes&#8220; h_padding=&#8220;2&#8243; top_padding=&#8220;5&#8243; bottom_padding=&#8220;5&#8243; back_image=&#8220;992&#8243; back_position=&#8220;center center&#8220; overlay_alpha=&#8220;80&#8243; gutter_size=&#8220;3&#8243; column_width_percent=&#8220;100&#8243; shift_y=&#8220;0&#8243; z_index=&#8220;0&#8243; uncode_shortcode_id=&#8220;610424&#8243;][vc_column column_width_percent=&#8220;100&#8243; position_vertical=&#8220;middle&#8220; align_horizontal=&#8220;align_center&#8220; gutter_size=&#8220;2&#8243; style=&#8220;dark&#8220; [&hellip;]<\/p>\n","protected":false},"author":1,"featured_media":0,"parent":850,"menu_order":3,"comment_status":"closed","ping_status":"closed","template":"","meta":{"footnotes":""},"class_list":["post-985","page","type-page","status-publish","hentry"],"yoast_head":"<!-- This site is optimized with the Yoast SEO plugin v24.5 - https:\/\/yoast.com\/wordpress\/plugins\/seo\/ -->\n<title>Schwimmb\u00e4der - Plan Projects<\/title>\n<meta name=\"robots\" content=\"index, follow, max-snippet:-1, max-image-preview:large, max-video-preview:-1\" \/>\n<link rel=\"canonical\" href=\"https:\/\/blueplanprojects.com\/de\/dienstleistungen\/instandhaltung-von-immobilien-2\/\" \/>\n<meta property=\"og:locale\" content=\"de_DE\" \/>\n<meta property=\"og:type\" content=\"article\" \/>\n<meta property=\"og:title\" content=\"Schwimmb\u00e4der - Plan Projects\" \/>\n<meta property=\"og:description\" content=\"[vc_row row_height_percent=&#8220;70&#8243; override_padding=&#8220;yes&#8220; h_padding=&#8220;2&#8243; top_padding=&#8220;5&#8243; bottom_padding=&#8220;5&#8243; back_image=&#8220;992&#8243; back_position=&#8220;center center&#8220; overlay_alpha=&#8220;80&#8243; gutter_size=&#8220;3&#8243; column_width_percent=&#8220;100&#8243; shift_y=&#8220;0&#8243; z_index=&#8220;0&#8243; uncode_shortcode_id=&#8220;610424&#8243;][vc_column column_width_percent=&#8220;100&#8243; position_vertical=&#8220;middle&#8220; align_horizontal=&#8220;align_center&#8220; gutter_size=&#8220;2&#8243; style=&#8220;dark&#8220; [&hellip;]\" \/>\n<meta property=\"og:url\" content=\"https:\/\/blueplanprojects.com\/de\/dienstleistungen\/instandhaltung-von-immobilien-2\/\" \/>\n<meta property=\"og:site_name\" content=\"Plan Projects\" \/>\n<meta property=\"article:modified_time\" content=\"2024-10-02T14:51:57+00:00\" \/>\n<meta name=\"twitter:card\" content=\"summary_large_image\" \/>\n<meta name=\"twitter:label1\" content=\"Gesch\u00e4tzte Lesezeit\" \/>\n\t<meta name=\"twitter:data1\" content=\"6\u00a0Minuten\" \/>\n<script type=\"application\/ld+json\" class=\"yoast-schema-graph\">{\"@context\":\"https:\/\/schema.org\",\"@graph\":[{\"@type\":\"WebPage\",\"@id\":\"https:\/\/blueplanprojects.com\/de\/dienstleistungen\/instandhaltung-von-immobilien-2\/\",\"url\":\"https:\/\/blueplanprojects.com\/de\/dienstleistungen\/instandhaltung-von-immobilien-2\/\",\"name\":\"Schwimmb\u00e4der - Plan Projects\",\"isPartOf\":{\"@id\":\"https:\/\/blueplanprojects.com\/de\/#website\"},\"datePublished\":\"2024-10-02T14:35:32+00:00\",\"dateModified\":\"2024-10-02T14:51:57+00:00\",\"breadcrumb\":{\"@id\":\"https:\/\/blueplanprojects.com\/de\/dienstleistungen\/instandhaltung-von-immobilien-2\/#breadcrumb\"},\"inLanguage\":\"de\",\"potentialAction\":[{\"@type\":\"ReadAction\",\"target\":[\"https:\/\/blueplanprojects.com\/de\/dienstleistungen\/instandhaltung-von-immobilien-2\/\"]}]},{\"@type\":\"BreadcrumbList\",\"@id\":\"https:\/\/blueplanprojects.com\/de\/dienstleistungen\/instandhaltung-von-immobilien-2\/#breadcrumb\",\"itemListElement\":[{\"@type\":\"ListItem\",\"position\":1,\"name\":\"Home\",\"item\":\"https:\/\/blueplanprojects.com\/de\/\"},{\"@type\":\"ListItem\",\"position\":2,\"name\":\"Dienstleistungen\",\"item\":\"https:\/\/blueplanprojects.com\/de\/services\/\"},{\"@type\":\"ListItem\",\"position\":3,\"name\":\"Schwimmb\u00e4der\"}]},{\"@type\":\"WebSite\",\"@id\":\"https:\/\/blueplanprojects.com\/de\/#website\",\"url\":\"https:\/\/blueplanprojects.com\/de\/\",\"name\":\"Plan Projects\",\"description\":\"Architecture, Building, Reform Services in Mallorca\",\"publisher\":{\"@id\":\"https:\/\/blueplanprojects.com\/de\/#organization\"},\"potentialAction\":[{\"@type\":\"SearchAction\",\"target\":{\"@type\":\"EntryPoint\",\"urlTemplate\":\"https:\/\/blueplanprojects.com\/de\/?s={search_term_string}\"},\"query-input\":{\"@type\":\"PropertyValueSpecification\",\"valueRequired\":true,\"valueName\":\"search_term_string\"}}],\"inLanguage\":\"de\"},{\"@type\":\"Organization\",\"@id\":\"https:\/\/blueplanprojects.com\/de\/#organization\",\"name\":\"Plan Projects\",\"url\":\"https:\/\/blueplanprojects.com\/de\/\",\"logo\":{\"@type\":\"ImageObject\",\"inLanguage\":\"de\",\"@id\":\"https:\/\/blueplanprojects.com\/de\/#\/schema\/logo\/image\/\",\"url\":\"https:\/\/blueplanprojects.com\/wp-content\/uploads\/2024\/09\/plan-projects-logo.png\",\"contentUrl\":\"https:\/\/blueplanprojects.com\/wp-content\/uploads\/2024\/09\/plan-projects-logo.png\",\"width\":678,\"height\":132,\"caption\":\"Plan Projects\"},\"image\":{\"@id\":\"https:\/\/blueplanprojects.com\/de\/#\/schema\/logo\/image\/\"}}]}<\/script>\n<!-- \/ Yoast SEO plugin. -->","yoast_head_json":{"title":"Schwimmb\u00e4der - Plan Projects","robots":{"index":"index","follow":"follow","max-snippet":"max-snippet:-1","max-image-preview":"max-image-preview:large","max-video-preview":"max-video-preview:-1"},"canonical":"https:\/\/blueplanprojects.com\/de\/dienstleistungen\/instandhaltung-von-immobilien-2\/","og_locale":"de_DE","og_type":"article","og_title":"Schwimmb\u00e4der - Plan Projects","og_description":"[vc_row row_height_percent=&#8220;70&#8243; override_padding=&#8220;yes&#8220; h_padding=&#8220;2&#8243; top_padding=&#8220;5&#8243; bottom_padding=&#8220;5&#8243; back_image=&#8220;992&#8243; back_position=&#8220;center center&#8220; overlay_alpha=&#8220;80&#8243; gutter_size=&#8220;3&#8243; column_width_percent=&#8220;100&#8243; shift_y=&#8220;0&#8243; z_index=&#8220;0&#8243; uncode_shortcode_id=&#8220;610424&#8243;][vc_column column_width_percent=&#8220;100&#8243; position_vertical=&#8220;middle&#8220; align_horizontal=&#8220;align_center&#8220; gutter_size=&#8220;2&#8243; style=&#8220;dark&#8220; [&hellip;]","og_url":"https:\/\/blueplanprojects.com\/de\/dienstleistungen\/instandhaltung-von-immobilien-2\/","og_site_name":"Plan Projects","article_modified_time":"2024-10-02T14:51:57+00:00","twitter_card":"summary_large_image","twitter_misc":{"Gesch\u00e4tzte Lesezeit":"6\u00a0Minuten"},"schema":{"@context":"https:\/\/schema.org","@graph":[{"@type":"WebPage","@id":"https:\/\/blueplanprojects.com\/de\/dienstleistungen\/instandhaltung-von-immobilien-2\/","url":"https:\/\/blueplanprojects.com\/de\/dienstleistungen\/instandhaltung-von-immobilien-2\/","name":"Schwimmb\u00e4der - Plan Projects","isPartOf":{"@id":"https:\/\/blueplanprojects.com\/de\/#website"},"datePublished":"2024-10-02T14:35:32+00:00","dateModified":"2024-10-02T14:51:57+00:00","breadcrumb":{"@id":"https:\/\/blueplanprojects.com\/de\/dienstleistungen\/instandhaltung-von-immobilien-2\/#breadcrumb"},"inLanguage":"de","potentialAction":[{"@type":"ReadAction","target":["https:\/\/blueplanprojects.com\/de\/dienstleistungen\/instandhaltung-von-immobilien-2\/"]}]},{"@type":"BreadcrumbList","@id":"https:\/\/blueplanprojects.com\/de\/dienstleistungen\/instandhaltung-von-immobilien-2\/#breadcrumb","itemListElement":[{"@type":"ListItem","position":1,"name":"Home","item":"https:\/\/blueplanprojects.com\/de\/"},{"@type":"ListItem","position":2,"name":"Dienstleistungen","item":"https:\/\/blueplanprojects.com\/de\/services\/"},{"@type":"ListItem","position":3,"name":"Schwimmb\u00e4der"}]},{"@type":"WebSite","@id":"https:\/\/blueplanprojects.com\/de\/#website","url":"https:\/\/blueplanprojects.com\/de\/","name":"Plan Projects","description":"Architecture, Building, Reform Services in Mallorca","publisher":{"@id":"https:\/\/blueplanprojects.com\/de\/#organization"},"potentialAction":[{"@type":"SearchAction","target":{"@type":"EntryPoint","urlTemplate":"https:\/\/blueplanprojects.com\/de\/?s={search_term_string}"},"query-input":{"@type":"PropertyValueSpecification","valueRequired":true,"valueName":"search_term_string"}}],"inLanguage":"de"},{"@type":"Organization","@id":"https:\/\/blueplanprojects.com\/de\/#organization","name":"Plan Projects","url":"https:\/\/blueplanprojects.com\/de\/","logo":{"@type":"ImageObject","inLanguage":"de","@id":"https:\/\/blueplanprojects.com\/de\/#\/schema\/logo\/image\/","url":"https:\/\/blueplanprojects.com\/wp-content\/uploads\/2024\/09\/plan-projects-logo.png","contentUrl":"https:\/\/blueplanprojects.com\/wp-content\/uploads\/2024\/09\/plan-projects-logo.png","width":678,"height":132,"caption":"Plan Projects"},"image":{"@id":"https:\/\/blueplanprojects.com\/de\/#\/schema\/logo\/image\/"}}]}},"_links":{"self":[{"href":"https:\/\/blueplanprojects.com\/de\/wp-json\/wp\/v2\/pages\/985"}],"collection":[{"href":"https:\/\/blueplanprojects.com\/de\/wp-json\/wp\/v2\/pages"}],"about":[{"href":"https:\/\/blueplanprojects.com\/de\/wp-json\/wp\/v2\/types\/page"}],"author":[{"embeddable":true,"href":"https:\/\/blueplanprojects.com\/de\/wp-json\/wp\/v2\/users\/1"}],"replies":[{"embeddable":true,"href":"https:\/\/blueplanprojects.com\/de\/wp-json\/wp\/v2\/comments?post=985"}],"version-history":[{"count":8,"href":"https:\/\/blueplanprojects.com\/de\/wp-json\/wp\/v2\/pages\/985\/revisions"}],"predecessor-version":[{"id":1003,"href":"https:\/\/blueplanprojects.com\/de\/wp-json\/wp\/v2\/pages\/985\/revisions\/1003"}],"up":[{"embeddable":true,"href":"https:\/\/blueplanprojects.com\/de\/wp-json\/wp\/v2\/pages\/850"}],"wp:attachment":[{"href":"https:\/\/blueplanprojects.com\/de\/wp-json\/wp\/v2\/media?parent=985"}],"curies":[{"name":"wp","href":"https:\/\/api.w.org\/{rel}","templated":true}]}}