{"id":982,"date":"2024-10-02T13:38:05","date_gmt":"2024-10-02T13:38:05","guid":{"rendered":"https:\/\/blueplanprojects.com\/new\/dienstleistungen\/instandhaltung-von-immobilien\/"},"modified":"2024-10-02T14:39:08","modified_gmt":"2024-10-02T14:39:08","slug":"instandhaltung-von-immobilien","status":"publish","type":"page","link":"https:\/\/blueplanprojects.com\/de\/dienstleistungen\/instandhaltung-von-immobilien\/","title":{"rendered":"Instandhaltung von Immobilien"},"content":{"rendered":"<div class=\"wpb-content-wrapper\"><p>[vc_row row_height_percent=&#8220;70&#8243; override_padding=&#8220;yes&#8220; h_padding=&#8220;2&#8243; top_padding=&#8220;5&#8243; bottom_padding=&#8220;5&#8243; back_image=&#8220;902&#8243; back_position=&#8220;center center&#8220; overlay_alpha=&#8220;80&#8243; gutter_size=&#8220;3&#8243; column_width_percent=&#8220;100&#8243; shift_y=&#8220;0&#8243; z_index=&#8220;0&#8243; uncode_shortcode_id=&#8220;169217&#8243;][vc_column column_width_percent=&#8220;100&#8243; position_vertical=&#8220;middle&#8220; align_horizontal=&#8220;align_center&#8220; gutter_size=&#8220;2&#8243; style=&#8220;dark&#8220; overlay_alpha=&#8220;50&#8243; shift_x=&#8220;0&#8243; shift_y=&#8220;0&#8243; z_index=&#8220;0&#8243; medium_width=&#8220;0&#8243; mobile_width=&#8220;0&#8243; css_animation=&#8220;zoom-in&#8220; animation_speed=&#8220;600&#8243; animation_delay=&#8220;600&#8243; width=&#8220;1\/1&#8243;][\/vc_column][\/vc_row][vc_row unlock_row=&#8220;&#8220; row_height_percent=&#8220;0&#8243; overlay_alpha=&#8220;50&#8243; gutter_size=&#8220;3&#8243; column_width_percent=&#8220;100&#8243; shift_y=&#8220;0&#8243; z_index=&#8220;0&#8243; uncode_shortcode_id=&#8220;698333&#8243; css=&#8220;.vc_custom_1727870978890{padding-top: 40px !important;}&#8220;][vc_column column_width_percent=&#8220;100&#8243; position_vertical=&#8220;middle&#8220; align_horizontal=&#8220;align_center&#8220; gutter_size=&#8220;3&#8243; overlay_alpha=&#8220;50&#8243; shift_x=&#8220;0&#8243; shift_y=&#8220;0&#8243; shift_y_down=&#8220;0&#8243; z_index=&#8220;0&#8243; medium_width=&#8220;0&#8243; mobile_width=&#8220;0&#8243; width=&#8220;1\/1&#8243; uncode_shortcode_id=&#8220;135633&#8243;][vc_custom_heading heading_semantic=&#8220;h6&#8243; text_size=&#8220;h6&#8243; text_transform=&#8220;uppercase&#8220; uncode_shortcode_id=&#8220;131788&#8243;]<\/p>\n<h1>Instandhaltung von Immobilien<\/h1>\n<p>[\/vc_custom_heading][vc_custom_heading heading_semantic=&#8220;h3&#8243; text_size=&#8220;h1&#8243; uncode_shortcode_id=&#8220;570275&#8243;]<\/p>\n<h3>Unser engagiertes Team k\u00fcmmert sich das ganze Jahr \u00fcber um die Instandhaltung Ihrer Immobilie auf Mallorca.<br \/>\nVon regelm\u00e4\u00dfiger Garten- und Poolpflege bis hin zu Notfallreparaturen bei Sturmsch\u00e4den &#8211; wir haben alles f\u00fcr Sie. <\/h3>\n<p>[\/vc_custom_heading][vc_separator sep_color=&#8220;,Default&#8220;][vc_custom_heading heading_semantic=&#8220;p&#8220; text_size=&#8220;h1&#8243; uncode_shortcode_id=&#8220;139893&#8243;]<\/p>\n<h3><b>Unsere Dienstleistungen zur Instandhaltung von Immobilien auf Mallorca<\/b><\/h3>\n<p>  Vertrauen Sie Ihre Immobilie auf Mallorca unserem erfahrenen Team von Immobilienverwaltern an.<br \/>\nWir bieten umfassende Dienstleistungen, die auf die besonderen Bed\u00fcrfnisse von Wohn- und Ferienimmobilien zugeschnitten sind, und sorgen daf\u00fcr, dass Ihre Immobilie das ganze Jahr \u00fcber gut gepflegt und profitabel ist.   <strong>Unsere Dienstleistungen umfassen:<\/strong>[\/vc_custom_heading][vc_separator sep_color=&#8220;,Default&#8220;][\/vc_column][\/vc_row][vc_row row_height_percent=&#8220;50&#8243; override_padding=&#8220;yes&#8220; h_padding=&#8220;0&#8243; top_padding=&#8220;3&#8243; bottom_padding=&#8220;0&#8243; overlay_alpha=&#8220;50&#8243; equal_height=&#8220;yes&#8220; gutter_size=&#8220;0&#8243; column_width_percent=&#8220;100&#8243; shift_y=&#8220;0&#8243; z_index=&#8220;0&#8243; uncode_shortcode_id=&#8220;118226&#8243;][vc_column column_width_percent=&#8220;100&#8243; gutter_size=&#8220;3&#8243; override_padding=&#8220;yes&#8220; column_padding=&#8220;4&#8243; back_image=&#8220;942&#8243; overlay_alpha=&#8220;50&#8243; shift_x=&#8220;0&#8243; shift_y=&#8220;0&#8243; shift_y_down=&#8220;0&#8243; z_index=&#8220;0&#8243; medium_visibility=&#8220;yes&#8220; medium_width=&#8220;0&#8243; mobile_visibility=&#8220;yes&#8220; mobile_width=&#8220;0&#8243; css_animation=&#8220;bottom-t-top&#8220; animation_delay=&#8220;100&#8243; width=&#8220;1\/2&#8243; mobile_height=&#8220;300&#8243; uncode_shortcode_id=&#8220;207861&#8243;][\/vc_column][vc_column column_width_percent=&#8220;100&#8243; gutter_size=&#8220;0&#8243; overlay_alpha=&#8220;50&#8243; shift_x=&#8220;0&#8243; shift_y=&#8220;0&#8243; shift_y_down=&#8220;0&#8243; z_index=&#8220;0&#8243; medium_width=&#8220;0&#8243; mobile_width=&#8220;0&#8243; css_animation=&#8220;bottom-t-top&#8220; animation_delay=&#8220;300&#8243; width=&#8220;1\/2&#8243; uncode_shortcode_id=&#8220;183964&#8243;][vc_row_inner row_inner_height_percent=&#8220;50&#8243; overlay_alpha=&#8220;50&#8243; gutter_size=&#8220;3&#8243; shift_y=&#8220;0&#8243; z_index=&#8220;0&#8243; uncode_shortcode_id=&#8220;122770&#8243;][vc_column_inner column_width_percent=&#8220;100&#8243; gutter_size=&#8220;2&#8243; override_padding=&#8220;yes&#8220; column_padding=&#8220;4&#8243; overlay_alpha=&#8220;50&#8243; shift_x=&#8220;0&#8243; shift_y=&#8220;0&#8243; shift_y_down=&#8220;0&#8243; z_index=&#8220;0&#8243; medium_width=&#8220;0&#8243; mobile_width=&#8220;0&#8243; width=&#8220;1\/1&#8243;][vc_custom_heading heading_semantic=&#8220;h3&#8243; text_size=&#8220;h1&#8243; uncode_shortcode_id=&#8220;112995&#8243;]<\/p>\n<h3>Gartenarbeit und Landschaftsbau<\/h3>\n<p>[\/vc_custom_heading][vc_column_text uncode_shortcode_id=&#8220;177351&#8243;]Pflegen Sie einen \u00fcppigen und lebendigen Au\u00dfenbereich mit unserem fachm\u00e4nnischen Gartenservice.  <\/p>\n<ul>\n<li>Regelm\u00e4\u00dfige Rasenpflege und Instandhaltung<\/li>\n<li>Gartengestaltung und Bepflanzung<\/li>\n<li>Beschneiden und Trimmen<\/li>\n<li>Unkrautbek\u00e4mpfung<\/li>\n<li>Befruchtung<\/li>\n<\/ul>\n<p>[\/vc_column_text][\/vc_column_inner][\/vc_row_inner][\/vc_column][\/vc_row][vc_row row_height_percent=&#8220;50&#8243; override_padding=&#8220;yes&#8220; h_padding=&#8220;0&#8243; top_padding=&#8220;3&#8243; bottom_padding=&#8220;3&#8243; overlay_alpha=&#8220;50&#8243; equal_height=&#8220;yes&#8220; gutter_size=&#8220;0&#8243; column_width_percent=&#8220;100&#8243; shift_y=&#8220;0&#8243; z_index=&#8220;0&#8243; uncode_shortcode_id=&#8220;833515&#8243;][vc_column column_width_percent=&#8220;100&#8243; gutter_size=&#8220;0&#8243; overlay_alpha=&#8220;50&#8243; shift_x=&#8220;0&#8243; shift_y=&#8220;0&#8243; shift_y_down=&#8220;0&#8243; z_index=&#8220;0&#8243; medium_width=&#8220;0&#8243; mobile_width=&#8220;0&#8243; css_animation=&#8220;bottom-t-top&#8220; animation_delay=&#8220;100&#8243; width=&#8220;1\/2&#8243; uncode_shortcode_id=&#8220;283406&#8243;][vc_row_inner row_inner_height_percent=&#8220;50&#8243; overlay_alpha=&#8220;50&#8243; gutter_size=&#8220;3&#8243; shift_y=&#8220;0&#8243; z_index=&#8220;0&#8243; uncode_shortcode_id=&#8220;299513&#8243;][vc_column_inner column_width_percent=&#8220;100&#8243; gutter_size=&#8220;3&#8243; override_padding=&#8220;yes&#8220; column_padding=&#8220;4&#8243; overlay_alpha=&#8220;50&#8243; shift_x=&#8220;0&#8243; shift_y=&#8220;0&#8243; z_index=&#8220;0&#8243; medium_width=&#8220;0&#8243; mobile_width=&#8220;0&#8243; width=&#8220;1\/1&#8243;][vc_custom_heading heading_semantic=&#8220;h3&#8243; text_size=&#8220;h1&#8243; uncode_shortcode_id=&#8220;992625&#8243;]<\/p>\n<h3>Poolpflege<\/h3>\n<p>[\/vc_custom_heading][vc_column_text uncode_shortcode_id=&#8220;614160&#8243;]Sorgen Sie daf\u00fcr, dass Ihr Pool sauber, sicher und einladend ist &#8211; mit unseren umfassenden L\u00f6sungen zur Poolpflege.  <\/p>\n<ul>\n<li>Poolreinigung und -pflege<\/li>\n<li>Reparaturen von Poolger\u00e4ten<\/li>\n<li>Pool-Sicherheitsinspektionen<\/li>\n<\/ul>\n<p>[\/vc_column_text][\/vc_column_inner][\/vc_row_inner][\/vc_column][vc_column column_width_percent=&#8220;100&#8243; gutter_size=&#8220;3&#8243; override_padding=&#8220;yes&#8220; column_padding=&#8220;4&#8243; back_image=&#8220;944&#8243; overlay_alpha=&#8220;50&#8243; shift_x=&#8220;0&#8243; shift_y=&#8220;0&#8243; shift_y_down=&#8220;0&#8243; z_index=&#8220;0&#8243; medium_width=&#8220;0&#8243; mobile_width=&#8220;0&#8243; css_animation=&#8220;bottom-t-top&#8220; animation_delay=&#8220;300&#8243; width=&#8220;1\/2&#8243; mobile_height=&#8220;340&#8243; uncode_shortcode_id=&#8220;503908&#8243;][\/vc_column][\/vc_row][vc_row row_height_percent=&#8220;50&#8243; override_padding=&#8220;yes&#8220; h_padding=&#8220;0&#8243; top_padding=&#8220;3&#8243; bottom_padding=&#8220;0&#8243; overlay_alpha=&#8220;50&#8243; equal_height=&#8220;yes&#8220; gutter_size=&#8220;0&#8243; column_width_percent=&#8220;100&#8243; shift_y=&#8220;0&#8243; z_index=&#8220;0&#8243; uncode_shortcode_id=&#8220;233257&#8243;][vc_column column_width_percent=&#8220;100&#8243; gutter_size=&#8220;3&#8243; override_padding=&#8220;yes&#8220; column_padding=&#8220;4&#8243; back_image=&#8220;946&#8243; overlay_alpha=&#8220;50&#8243; shift_x=&#8220;0&#8243; shift_y=&#8220;0&#8243; shift_y_down=&#8220;0&#8243; z_index=&#8220;0&#8243; medium_visibility=&#8220;yes&#8220; medium_width=&#8220;0&#8243; mobile_visibility=&#8220;yes&#8220; mobile_width=&#8220;0&#8243; css_animation=&#8220;bottom-t-top&#8220; animation_delay=&#8220;100&#8243; width=&#8220;1\/2&#8243; mobile_height=&#8220;300&#8243; uncode_shortcode_id=&#8220;743125&#8243;][\/vc_column][vc_column column_width_percent=&#8220;100&#8243; gutter_size=&#8220;0&#8243; overlay_alpha=&#8220;50&#8243; shift_x=&#8220;0&#8243; shift_y=&#8220;0&#8243; shift_y_down=&#8220;0&#8243; z_index=&#8220;0&#8243; medium_width=&#8220;0&#8243; mobile_width=&#8220;0&#8243; css_animation=&#8220;bottom-t-top&#8220; animation_delay=&#8220;300&#8243; width=&#8220;1\/2&#8243; uncode_shortcode_id=&#8220;183964&#8243;][vc_row_inner row_inner_height_percent=&#8220;50&#8243; overlay_alpha=&#8220;50&#8243; gutter_size=&#8220;3&#8243; shift_y=&#8220;0&#8243; z_index=&#8220;0&#8243; uncode_shortcode_id=&#8220;122770&#8243;][vc_column_inner column_width_percent=&#8220;100&#8243; gutter_size=&#8220;2&#8243; override_padding=&#8220;yes&#8220; column_padding=&#8220;4&#8243; overlay_alpha=&#8220;50&#8243; shift_x=&#8220;0&#8243; shift_y=&#8220;0&#8243; shift_y_down=&#8220;0&#8243; z_index=&#8220;0&#8243; medium_width=&#8220;0&#8243; mobile_width=&#8220;0&#8243; width=&#8220;1\/1&#8243;][vc_custom_heading heading_semantic=&#8220;h3&#8243; text_size=&#8220;h1&#8243; uncode_shortcode_id=&#8220;190343&#8243;]<\/p>\n<h3>Hausreinigung<\/h3>\n<p>[\/vc_custom_heading][vc_column_text uncode_shortcode_id=&#8220;164708&#8243;]Halten Sie Ihre Immobilie mit unseren gr\u00fcndlichen, auf Ihre Bed\u00fcrfnisse zugeschnittenen Reinigungsdiensten makellos.  <\/p>\n<ul>\n<li>Regelm\u00e4\u00dfige Reinigungsdienste<\/li>\n<li>Tiefenreinigung<\/li>\n<li>Fr\u00fchjahrsputz<\/li>\n<\/ul>\n<p>[\/vc_column_text][\/vc_column_inner][\/vc_row_inner][\/vc_column][\/vc_row][vc_row row_height_percent=&#8220;50&#8243; override_padding=&#8220;yes&#8220; h_padding=&#8220;0&#8243; top_padding=&#8220;3&#8243; bottom_padding=&#8220;3&#8243; overlay_alpha=&#8220;50&#8243; equal_height=&#8220;yes&#8220; gutter_size=&#8220;0&#8243; column_width_percent=&#8220;100&#8243; shift_y=&#8220;0&#8243; z_index=&#8220;0&#8243; uncode_shortcode_id=&#8220;404577&#8243;][vc_column column_width_percent=&#8220;100&#8243; gutter_size=&#8220;0&#8243; overlay_alpha=&#8220;50&#8243; shift_x=&#8220;0&#8243; shift_y=&#8220;0&#8243; shift_y_down=&#8220;0&#8243; z_index=&#8220;0&#8243; medium_width=&#8220;0&#8243; mobile_width=&#8220;0&#8243; css_animation=&#8220;bottom-t-top&#8220; animation_delay=&#8220;100&#8243; width=&#8220;1\/2&#8243; uncode_shortcode_id=&#8220;283406&#8243;][vc_row_inner row_inner_height_percent=&#8220;50&#8243; overlay_alpha=&#8220;50&#8243; gutter_size=&#8220;3&#8243; shift_y=&#8220;0&#8243; z_index=&#8220;0&#8243; uncode_shortcode_id=&#8220;299513&#8243;][vc_column_inner column_width_percent=&#8220;100&#8243; gutter_size=&#8220;3&#8243; override_padding=&#8220;yes&#8220; column_padding=&#8220;4&#8243; overlay_alpha=&#8220;50&#8243; shift_x=&#8220;0&#8243; shift_y=&#8220;0&#8243; z_index=&#8220;0&#8243; medium_width=&#8220;0&#8243; mobile_width=&#8220;0&#8243; width=&#8220;1\/1&#8243;][vc_custom_heading heading_semantic=&#8220;h3&#8243; text_size=&#8220;h1&#8243; uncode_shortcode_id=&#8220;113766&#8243;]<\/p>\n<h3>Reparaturen zu Hause<\/h3>\n<p>[\/vc_custom_heading][vc_column_text uncode_shortcode_id=&#8220;226080&#8243;]Vertrauen Sie unseren erfahrenen Technikern f\u00fcr kleinere Reparaturen und Wartungsarbeiten.  <\/p>\n<ul>\n<li>Kleinere Reparaturen und Wartungsarbeiten<\/li>\n<li>Klempner- und Elektrodienstleistungen<\/li>\n<li>Malerei und Dekoration<\/li>\n<\/ul>\n<p>[\/vc_column_text][\/vc_column_inner][\/vc_row_inner][\/vc_column][vc_column column_width_percent=&#8220;100&#8243; gutter_size=&#8220;3&#8243; override_padding=&#8220;yes&#8220; column_padding=&#8220;4&#8243; back_image=&#8220;948&#8243; overlay_alpha=&#8220;50&#8243; shift_x=&#8220;0&#8243; shift_y=&#8220;0&#8243; shift_y_down=&#8220;0&#8243; z_index=&#8220;0&#8243; medium_width=&#8220;0&#8243; mobile_width=&#8220;0&#8243; css_animation=&#8220;bottom-t-top&#8220; animation_delay=&#8220;300&#8243; width=&#8220;1\/2&#8243; mobile_height=&#8220;340&#8243; uncode_shortcode_id=&#8220;111598&#8243;][\/vc_column][\/vc_row][vc_row unlock_row=&#8220;&#8220; row_height_percent=&#8220;0&#8243; overlay_alpha=&#8220;50&#8243; gutter_size=&#8220;3&#8243; column_width_percent=&#8220;100&#8243; shift_y=&#8220;0&#8243; z_index=&#8220;0&#8243; uncode_shortcode_id=&#8220;698333&#8243; css=&#8220;.vc_custom_1727870978890{padding-top: 40px !important;}&#8220;][vc_column column_width_percent=&#8220;100&#8243; position_vertical=&#8220;middle&#8220; align_horizontal=&#8220;align_center&#8220; gutter_size=&#8220;3&#8243; overlay_alpha=&#8220;50&#8243; shift_x=&#8220;0&#8243; shift_y=&#8220;0&#8243; shift_y_down=&#8220;0&#8243; z_index=&#8220;0&#8243; medium_width=&#8220;0&#8243; mobile_width=&#8220;0&#8243; width=&#8220;1\/1&#8243; uncode_shortcode_id=&#8220;135633&#8243;][vc_separator sep_color=&#8220;,Default&#8220;][vc_custom_heading heading_semantic=&#8220;p&#8220; text_size=&#8220;h1&#8243; uncode_shortcode_id=&#8220;179816&#8243;]<\/p>\n<h3>Erleben Sie den Seelenfrieden, der mit einer professionellen Immobilienverwaltung einhergeht<\/h3>\n<p>[\/vc_custom_heading][vc_custom_heading heading_semantic=&#8220;p&#8220; text_size=&#8220;&#8220; uncode_shortcode_id=&#8220;897587&#8243;]Unser engagiertes Team k\u00fcmmert sich das ganze Jahr \u00fcber um die Instandhaltung Ihrer Immobilie auf Mallorca.<br \/>\nVon regelm\u00e4\u00dfiger Garten- und Poolpflege bis hin zu Notfallreparaturen bei Sturmsch\u00e4den &#8211; wir haben alles f\u00fcr Sie.   <b>Setzen Sie sich noch heute mit uns in Verbindung, um einen Beratungstermin zu vereinbaren und mehr \u00fcber unsere umfassenden Dienstleistungen zur Instandhaltung von Immobilien zu erfahren.<\/b>[\/vc_custom_heading][vc_separator sep_color=&#8220;,Default&#8220;][vc_button border_width=&#8220;0&#8243; uncode_shortcode_id=&#8220;165968&#8243; link=&#8220;url:https%3A%2F%2Fblueplanprojects.com%2Fde%2Fkontakt%2F|title:Kontakt|&#8220;]Kontaktieren Sie uns heute[\/vc_button][\/vc_column][\/vc_row]<\/p>\n<\/div>","protected":false},"excerpt":{"rendered":"<p>[vc_row row_height_percent=&#8220;70&#8243; override_padding=&#8220;yes&#8220; h_padding=&#8220;2&#8243; top_padding=&#8220;5&#8243; bottom_padding=&#8220;5&#8243; back_image=&#8220;902&#8243; back_position=&#8220;center center&#8220; overlay_alpha=&#8220;80&#8243; gutter_size=&#8220;3&#8243; column_width_percent=&#8220;100&#8243; shift_y=&#8220;0&#8243; z_index=&#8220;0&#8243; uncode_shortcode_id=&#8220;169217&#8243;][vc_column column_width_percent=&#8220;100&#8243; position_vertical=&#8220;middle&#8220; align_horizontal=&#8220;align_center&#8220; gutter_size=&#8220;2&#8243; style=&#8220;dark&#8220; [&hellip;]<\/p>\n","protected":false},"author":1,"featured_media":0,"parent":850,"menu_order":3,"comment_status":"closed","ping_status":"closed","template":"","meta":{"footnotes":""},"class_list":["post-982","page","type-page","status-publish","hentry"],"yoast_head":"<!-- This site is optimized with the Yoast SEO plugin v24.5 - https:\/\/yoast.com\/wordpress\/plugins\/seo\/ -->\n<title>Instandhaltung von Immobilien - Plan Projects<\/title>\n<meta name=\"robots\" content=\"index, follow, max-snippet:-1, max-image-preview:large, max-video-preview:-1\" \/>\n<link rel=\"canonical\" href=\"https:\/\/blueplanprojects.com\/de\/dienstleistungen\/instandhaltung-von-immobilien\/\" \/>\n<meta property=\"og:locale\" content=\"de_DE\" \/>\n<meta property=\"og:type\" content=\"article\" \/>\n<meta property=\"og:title\" content=\"Instandhaltung von Immobilien - Plan Projects\" \/>\n<meta property=\"og:description\" content=\"[vc_row row_height_percent=&#8220;70&#8243; override_padding=&#8220;yes&#8220; h_padding=&#8220;2&#8243; top_padding=&#8220;5&#8243; bottom_padding=&#8220;5&#8243; back_image=&#8220;902&#8243; back_position=&#8220;center center&#8220; overlay_alpha=&#8220;80&#8243; gutter_size=&#8220;3&#8243; column_width_percent=&#8220;100&#8243; shift_y=&#8220;0&#8243; z_index=&#8220;0&#8243; uncode_shortcode_id=&#8220;169217&#8243;][vc_column column_width_percent=&#8220;100&#8243; position_vertical=&#8220;middle&#8220; align_horizontal=&#8220;align_center&#8220; gutter_size=&#8220;2&#8243; style=&#8220;dark&#8220; [&hellip;]\" \/>\n<meta property=\"og:url\" content=\"https:\/\/blueplanprojects.com\/de\/dienstleistungen\/instandhaltung-von-immobilien\/\" \/>\n<meta property=\"og:site_name\" content=\"Plan Projects\" \/>\n<meta property=\"article:modified_time\" content=\"2024-10-02T14:39:08+00:00\" \/>\n<meta name=\"twitter:card\" content=\"summary_large_image\" \/>\n<meta name=\"twitter:label1\" content=\"Gesch\u00e4tzte Lesezeit\" \/>\n\t<meta name=\"twitter:data1\" content=\"7\u00a0Minuten\" \/>\n<script type=\"application\/ld+json\" class=\"yoast-schema-graph\">{\"@context\":\"https:\/\/schema.org\",\"@graph\":[{\"@type\":\"WebPage\",\"@id\":\"https:\/\/blueplanprojects.com\/de\/dienstleistungen\/instandhaltung-von-immobilien\/\",\"url\":\"https:\/\/blueplanprojects.com\/de\/dienstleistungen\/instandhaltung-von-immobilien\/\",\"name\":\"Instandhaltung von Immobilien - Plan Projects\",\"isPartOf\":{\"@id\":\"https:\/\/blueplanprojects.com\/de\/#website\"},\"datePublished\":\"2024-10-02T13:38:05+00:00\",\"dateModified\":\"2024-10-02T14:39:08+00:00\",\"breadcrumb\":{\"@id\":\"https:\/\/blueplanprojects.com\/de\/dienstleistungen\/instandhaltung-von-immobilien\/#breadcrumb\"},\"inLanguage\":\"de\",\"potentialAction\":[{\"@type\":\"ReadAction\",\"target\":[\"https:\/\/blueplanprojects.com\/de\/dienstleistungen\/instandhaltung-von-immobilien\/\"]}]},{\"@type\":\"BreadcrumbList\",\"@id\":\"https:\/\/blueplanprojects.com\/de\/dienstleistungen\/instandhaltung-von-immobilien\/#breadcrumb\",\"itemListElement\":[{\"@type\":\"ListItem\",\"position\":1,\"name\":\"Home\",\"item\":\"https:\/\/blueplanprojects.com\/de\/\"},{\"@type\":\"ListItem\",\"position\":2,\"name\":\"Dienstleistungen\",\"item\":\"https:\/\/blueplanprojects.com\/de\/services\/\"},{\"@type\":\"ListItem\",\"position\":3,\"name\":\"Instandhaltung von Immobilien\"}]},{\"@type\":\"WebSite\",\"@id\":\"https:\/\/blueplanprojects.com\/de\/#website\",\"url\":\"https:\/\/blueplanprojects.com\/de\/\",\"name\":\"Plan Projects\",\"description\":\"Architecture, Building, Reform Services in Mallorca\",\"publisher\":{\"@id\":\"https:\/\/blueplanprojects.com\/de\/#organization\"},\"potentialAction\":[{\"@type\":\"SearchAction\",\"target\":{\"@type\":\"EntryPoint\",\"urlTemplate\":\"https:\/\/blueplanprojects.com\/de\/?s={search_term_string}\"},\"query-input\":{\"@type\":\"PropertyValueSpecification\",\"valueRequired\":true,\"valueName\":\"search_term_string\"}}],\"inLanguage\":\"de\"},{\"@type\":\"Organization\",\"@id\":\"https:\/\/blueplanprojects.com\/de\/#organization\",\"name\":\"Plan Projects\",\"url\":\"https:\/\/blueplanprojects.com\/de\/\",\"logo\":{\"@type\":\"ImageObject\",\"inLanguage\":\"de\",\"@id\":\"https:\/\/blueplanprojects.com\/de\/#\/schema\/logo\/image\/\",\"url\":\"https:\/\/blueplanprojects.com\/wp-content\/uploads\/2024\/09\/plan-projects-logo.png\",\"contentUrl\":\"https:\/\/blueplanprojects.com\/wp-content\/uploads\/2024\/09\/plan-projects-logo.png\",\"width\":678,\"height\":132,\"caption\":\"Plan Projects\"},\"image\":{\"@id\":\"https:\/\/blueplanprojects.com\/de\/#\/schema\/logo\/image\/\"}}]}<\/script>\n<!-- \/ Yoast SEO plugin. -->","yoast_head_json":{"title":"Instandhaltung von Immobilien - Plan Projects","robots":{"index":"index","follow":"follow","max-snippet":"max-snippet:-1","max-image-preview":"max-image-preview:large","max-video-preview":"max-video-preview:-1"},"canonical":"https:\/\/blueplanprojects.com\/de\/dienstleistungen\/instandhaltung-von-immobilien\/","og_locale":"de_DE","og_type":"article","og_title":"Instandhaltung von Immobilien - Plan Projects","og_description":"[vc_row row_height_percent=&#8220;70&#8243; override_padding=&#8220;yes&#8220; h_padding=&#8220;2&#8243; top_padding=&#8220;5&#8243; bottom_padding=&#8220;5&#8243; back_image=&#8220;902&#8243; back_position=&#8220;center center&#8220; overlay_alpha=&#8220;80&#8243; gutter_size=&#8220;3&#8243; column_width_percent=&#8220;100&#8243; shift_y=&#8220;0&#8243; z_index=&#8220;0&#8243; uncode_shortcode_id=&#8220;169217&#8243;][vc_column column_width_percent=&#8220;100&#8243; position_vertical=&#8220;middle&#8220; align_horizontal=&#8220;align_center&#8220; gutter_size=&#8220;2&#8243; style=&#8220;dark&#8220; [&hellip;]","og_url":"https:\/\/blueplanprojects.com\/de\/dienstleistungen\/instandhaltung-von-immobilien\/","og_site_name":"Plan Projects","article_modified_time":"2024-10-02T14:39:08+00:00","twitter_card":"summary_large_image","twitter_misc":{"Gesch\u00e4tzte Lesezeit":"7\u00a0Minuten"},"schema":{"@context":"https:\/\/schema.org","@graph":[{"@type":"WebPage","@id":"https:\/\/blueplanprojects.com\/de\/dienstleistungen\/instandhaltung-von-immobilien\/","url":"https:\/\/blueplanprojects.com\/de\/dienstleistungen\/instandhaltung-von-immobilien\/","name":"Instandhaltung von Immobilien - Plan Projects","isPartOf":{"@id":"https:\/\/blueplanprojects.com\/de\/#website"},"datePublished":"2024-10-02T13:38:05+00:00","dateModified":"2024-10-02T14:39:08+00:00","breadcrumb":{"@id":"https:\/\/blueplanprojects.com\/de\/dienstleistungen\/instandhaltung-von-immobilien\/#breadcrumb"},"inLanguage":"de","potentialAction":[{"@type":"ReadAction","target":["https:\/\/blueplanprojects.com\/de\/dienstleistungen\/instandhaltung-von-immobilien\/"]}]},{"@type":"BreadcrumbList","@id":"https:\/\/blueplanprojects.com\/de\/dienstleistungen\/instandhaltung-von-immobilien\/#breadcrumb","itemListElement":[{"@type":"ListItem","position":1,"name":"Home","item":"https:\/\/blueplanprojects.com\/de\/"},{"@type":"ListItem","position":2,"name":"Dienstleistungen","item":"https:\/\/blueplanprojects.com\/de\/services\/"},{"@type":"ListItem","position":3,"name":"Instandhaltung von Immobilien"}]},{"@type":"WebSite","@id":"https:\/\/blueplanprojects.com\/de\/#website","url":"https:\/\/blueplanprojects.com\/de\/","name":"Plan Projects","description":"Architecture, Building, Reform Services in Mallorca","publisher":{"@id":"https:\/\/blueplanprojects.com\/de\/#organization"},"potentialAction":[{"@type":"SearchAction","target":{"@type":"EntryPoint","urlTemplate":"https:\/\/blueplanprojects.com\/de\/?s={search_term_string}"},"query-input":{"@type":"PropertyValueSpecification","valueRequired":true,"valueName":"search_term_string"}}],"inLanguage":"de"},{"@type":"Organization","@id":"https:\/\/blueplanprojects.com\/de\/#organization","name":"Plan Projects","url":"https:\/\/blueplanprojects.com\/de\/","logo":{"@type":"ImageObject","inLanguage":"de","@id":"https:\/\/blueplanprojects.com\/de\/#\/schema\/logo\/image\/","url":"https:\/\/blueplanprojects.com\/wp-content\/uploads\/2024\/09\/plan-projects-logo.png","contentUrl":"https:\/\/blueplanprojects.com\/wp-content\/uploads\/2024\/09\/plan-projects-logo.png","width":678,"height":132,"caption":"Plan Projects"},"image":{"@id":"https:\/\/blueplanprojects.com\/de\/#\/schema\/logo\/image\/"}}]}},"_links":{"self":[{"href":"https:\/\/blueplanprojects.com\/de\/wp-json\/wp\/v2\/pages\/982"}],"collection":[{"href":"https:\/\/blueplanprojects.com\/de\/wp-json\/wp\/v2\/pages"}],"about":[{"href":"https:\/\/blueplanprojects.com\/de\/wp-json\/wp\/v2\/types\/page"}],"author":[{"embeddable":true,"href":"https:\/\/blueplanprojects.com\/de\/wp-json\/wp\/v2\/users\/1"}],"replies":[{"embeddable":true,"href":"https:\/\/blueplanprojects.com\/de\/wp-json\/wp\/v2\/comments?post=982"}],"version-history":[{"count":2,"href":"https:\/\/blueplanprojects.com\/de\/wp-json\/wp\/v2\/pages\/982\/revisions"}],"predecessor-version":[{"id":984,"href":"https:\/\/blueplanprojects.com\/de\/wp-json\/wp\/v2\/pages\/982\/revisions\/984"}],"up":[{"embeddable":true,"href":"https:\/\/blueplanprojects.com\/de\/wp-json\/wp\/v2\/pages\/850"}],"wp:attachment":[{"href":"https:\/\/blueplanprojects.com\/de\/wp-json\/wp\/v2\/media?parent=982"}],"curies":[{"name":"wp","href":"https:\/\/api.w.org\/{rel}","templated":true}]}}