{"id":913,"date":"2024-10-02T12:46:14","date_gmt":"2024-10-02T12:46:14","guid":{"rendered":"https:\/\/blueplanprojects.com\/new\/dienstleistungen\/architektur\/"},"modified":"2024-10-02T13:05:04","modified_gmt":"2024-10-02T13:05:04","slug":"architektur","status":"publish","type":"page","link":"https:\/\/blueplanprojects.com\/de\/dienstleistungen\/architektur\/","title":{"rendered":"Architektur"},"content":{"rendered":"<div class=\"wpb-content-wrapper\"><p>[vc_row row_height_percent=&#8220;70&#8243; override_padding=&#8220;yes&#8220; h_padding=&#8220;2&#8243; top_padding=&#8220;5&#8243; bottom_padding=&#8220;5&#8243; back_image=&#8220;902&#8243; back_position=&#8220;center center&#8220; overlay_alpha=&#8220;80&#8243; gutter_size=&#8220;3&#8243; column_width_percent=&#8220;100&#8243; shift_y=&#8220;0&#8243; z_index=&#8220;0&#8243; uncode_shortcode_id=&#8220;169217&#8243;][vc_column column_width_percent=&#8220;100&#8243; position_vertical=&#8220;middle&#8220; align_horizontal=&#8220;align_center&#8220; gutter_size=&#8220;2&#8243; style=&#8220;dark&#8220; overlay_alpha=&#8220;50&#8243; shift_x=&#8220;0&#8243; shift_y=&#8220;0&#8243; z_index=&#8220;0&#8243; medium_width=&#8220;0&#8243; mobile_width=&#8220;0&#8243; css_animation=&#8220;zoom-in&#8220; animation_speed=&#8220;600&#8243; animation_delay=&#8220;600&#8243; width=&#8220;1\/1&#8243;][\/vc_column][\/vc_row][vc_row unlock_row=&#8220;&#8220; row_height_percent=&#8220;0&#8243; overlay_alpha=&#8220;50&#8243; gutter_size=&#8220;3&#8243; column_width_percent=&#8220;100&#8243; shift_y=&#8220;0&#8243; z_index=&#8220;0&#8243; uncode_shortcode_id=&#8220;698333&#8243; css=&#8220;.vc_custom_1727870978890{padding-top: 40px !important;}&#8220;][vc_column column_width_percent=&#8220;100&#8243; position_vertical=&#8220;middle&#8220; align_horizontal=&#8220;align_center&#8220; gutter_size=&#8220;3&#8243; overlay_alpha=&#8220;50&#8243; shift_x=&#8220;0&#8243; shift_y=&#8220;0&#8243; shift_y_down=&#8220;0&#8243; z_index=&#8220;0&#8243; medium_width=&#8220;0&#8243; mobile_width=&#8220;0&#8243; width=&#8220;1\/1&#8243; uncode_shortcode_id=&#8220;135633&#8243;][vc_custom_heading heading_semantic=&#8220;h6&#8243; text_size=&#8220;h6&#8243; text_transform=&#8220;uppercase&#8220; uncode_shortcode_id=&#8220;211268&#8243;]<\/p>\n<h1>Architektur<\/h1>\n<p>[\/vc_custom_heading][vc_custom_heading heading_semantic=&#8220;h3&#8243; text_size=&#8220;h1&#8243; uncode_shortcode_id=&#8220;188291&#8243;]<\/p>\n<h3>Dienstleistungen im Bereich Architektur in Port Andratx, Mallorca<\/h3>\n<p>[\/vc_custom_heading][vc_separator sep_color=&#8220;,Default&#8220;][vc_custom_heading heading_semantic=&#8220;p&#8220; text_size=&#8220;h1&#8243; uncode_shortcode_id=&#8220;214048&#8243;]<\/p>\n<h3>Unser Architektur- und Innenarchitekturb\u00fcro bietet einen vollst\u00e4ndig integrierten Service, der Architektur, Innenarchitektur, Landschaftsentwicklung und Bau umfasst.<\/h3>\n<p>[\/vc_custom_heading][vc_custom_heading heading_semantic=&#8220;p&#8220; text_size=&#8220;h1&#8243; uncode_shortcode_id=&#8220;274955&#8243;]<\/p>\n<h3><strong>Wir bieten unseren Kunden einen umfassenden Service, von der ersten Beratung bis zur endg\u00fcltigen Lieferung &#8211; die wichtigsten Phasen des Prozesses sind wie folgt:<\/strong><\/h3>\n<p>[\/vc_custom_heading][vc_separator sep_color=&#8220;,Default&#8220;][\/vc_column][\/vc_row][vc_row row_height_percent=&#8220;50&#8243; override_padding=&#8220;yes&#8220; h_padding=&#8220;0&#8243; top_padding=&#8220;3&#8243; bottom_padding=&#8220;0&#8243; overlay_alpha=&#8220;50&#8243; equal_height=&#8220;yes&#8220; gutter_size=&#8220;0&#8243; column_width_percent=&#8220;100&#8243; shift_y=&#8220;0&#8243; z_index=&#8220;0&#8243; uncode_shortcode_id=&#8220;118226&#8243;][vc_column column_width_percent=&#8220;100&#8243; gutter_size=&#8220;3&#8243; override_padding=&#8220;yes&#8220; column_padding=&#8220;4&#8243; back_image=&#8220;897&#8243; overlay_alpha=&#8220;50&#8243; shift_x=&#8220;0&#8243; shift_y=&#8220;0&#8243; shift_y_down=&#8220;0&#8243; z_index=&#8220;0&#8243; medium_visibility=&#8220;yes&#8220; medium_width=&#8220;0&#8243; mobile_visibility=&#8220;yes&#8220; mobile_width=&#8220;0&#8243; css_animation=&#8220;bottom-t-top&#8220; animation_delay=&#8220;100&#8243; width=&#8220;1\/2&#8243; mobile_height=&#8220;300&#8243; uncode_shortcode_id=&#8220;172479&#8243;][\/vc_column][vc_column column_width_percent=&#8220;100&#8243; gutter_size=&#8220;0&#8243; overlay_alpha=&#8220;50&#8243; shift_x=&#8220;0&#8243; shift_y=&#8220;0&#8243; shift_y_down=&#8220;0&#8243; z_index=&#8220;0&#8243; medium_width=&#8220;0&#8243; mobile_width=&#8220;0&#8243; css_animation=&#8220;bottom-t-top&#8220; animation_delay=&#8220;300&#8243; width=&#8220;1\/2&#8243; uncode_shortcode_id=&#8220;183964&#8243;][vc_row_inner row_inner_height_percent=&#8220;50&#8243; overlay_alpha=&#8220;50&#8243; gutter_size=&#8220;3&#8243; shift_y=&#8220;0&#8243; z_index=&#8220;0&#8243; uncode_shortcode_id=&#8220;122770&#8243;][vc_column_inner column_width_percent=&#8220;100&#8243; gutter_size=&#8220;2&#8243; override_padding=&#8220;yes&#8220; column_padding=&#8220;4&#8243; overlay_alpha=&#8220;50&#8243; shift_x=&#8220;0&#8243; shift_y=&#8220;0&#8243; shift_y_down=&#8220;0&#8243; z_index=&#8220;0&#8243; medium_width=&#8220;0&#8243; mobile_width=&#8220;0&#8243; width=&#8220;1\/1&#8243;][vc_custom_heading heading_semantic=&#8220;h3&#8243; text_size=&#8220;h1&#8243; uncode_shortcode_id=&#8220;208747&#8243;]<\/p>\n<h3>Bewertung von Immobilien<\/h3>\n<p>[\/vc_custom_heading][vc_column_text uncode_shortcode_id=&#8220;160342&#8243;]Unser Immobilienbewertungsservice umfasst eine gr\u00fcndliche Analyse aller Aspekte der Immobilie, einschlie\u00dflich der geltenden Gesetze, des baulichen Zustands, der bebaubaren Fl\u00e4chen und anderer wichtiger Aspekte, die f\u00fcr die Anforderungen des Kunden relevant sind.<br \/>\nWir sorgen daf\u00fcr, dass unsere Kunden ein klares Verst\u00e4ndnis der Immobilie und ihres Potenzials haben, bevor sie eine Kaufentscheidung treffen.[\/vc_column_text][\/vc_column_inner][\/vc_row_inner][\/vc_column][\/vc_row][vc_row row_height_percent=&#8220;50&#8243; override_padding=&#8220;yes&#8220; h_padding=&#8220;0&#8243; top_padding=&#8220;3&#8243; bottom_padding=&#8220;3&#8243; overlay_alpha=&#8220;50&#8243; equal_height=&#8220;yes&#8220; gutter_size=&#8220;0&#8243; column_width_percent=&#8220;100&#8243; shift_y=&#8220;0&#8243; z_index=&#8220;0&#8243; uncode_shortcode_id=&#8220;833515&#8243;][vc_column column_width_percent=&#8220;100&#8243; gutter_size=&#8220;0&#8243; overlay_alpha=&#8220;50&#8243; shift_x=&#8220;0&#8243; shift_y=&#8220;0&#8243; shift_y_down=&#8220;0&#8243; z_index=&#8220;0&#8243; medium_width=&#8220;0&#8243; mobile_width=&#8220;0&#8243; css_animation=&#8220;bottom-t-top&#8220; animation_delay=&#8220;100&#8243; width=&#8220;1\/2&#8243; uncode_shortcode_id=&#8220;283406&#8243;][vc_row_inner row_inner_height_percent=&#8220;50&#8243; overlay_alpha=&#8220;50&#8243; gutter_size=&#8220;3&#8243; shift_y=&#8220;0&#8243; z_index=&#8220;0&#8243; uncode_shortcode_id=&#8220;299513&#8243;][vc_column_inner column_width_percent=&#8220;100&#8243; gutter_size=&#8220;3&#8243; override_padding=&#8220;yes&#8220; column_padding=&#8220;4&#8243; overlay_alpha=&#8220;50&#8243; shift_x=&#8220;0&#8243; shift_y=&#8220;0&#8243; z_index=&#8220;0&#8243; medium_width=&#8220;0&#8243; mobile_width=&#8220;0&#8243; width=&#8220;1\/1&#8243;][vc_custom_heading heading_semantic=&#8220;h3&#8243; text_size=&#8220;h1&#8243; uncode_shortcode_id=&#8220;196228&#8243;]<\/p>\n<h3>Konzeptentwicklung &amp; Planung<\/h3>\n<p>[\/vc_custom_heading][vc_column_text uncode_shortcode_id=&#8220;275174&#8243;]Unser Konzeptdesign-Service umfasst ausf\u00fchrliche Gespr\u00e4che und Interviews mit unseren Kunden, die Bereitstellung von Skizzen, vorl\u00e4ufigen Pl\u00e4nen und Referenzen.<br \/>\nWir liefern einen Konzeptdesignvorschlag, der alle wichtigen Richtlinien des Projekts und eine Budgetsch\u00e4tzung enth\u00e4lt.[\/vc_column_text][\/vc_column_inner][\/vc_row_inner][\/vc_column][vc_column column_width_percent=&#8220;100&#8243; gutter_size=&#8220;3&#8243; override_padding=&#8220;yes&#8220; column_padding=&#8220;4&#8243; back_image=&#8220;900&#8243; overlay_alpha=&#8220;50&#8243; shift_x=&#8220;0&#8243; shift_y=&#8220;0&#8243; shift_y_down=&#8220;0&#8243; z_index=&#8220;0&#8243; medium_width=&#8220;0&#8243; mobile_width=&#8220;0&#8243; css_animation=&#8220;bottom-t-top&#8220; animation_delay=&#8220;300&#8243; width=&#8220;1\/2&#8243; mobile_height=&#8220;340&#8243; uncode_shortcode_id=&#8220;341902&#8243;][\/vc_column][\/vc_row][vc_row row_height_percent=&#8220;50&#8243; override_padding=&#8220;yes&#8220; h_padding=&#8220;0&#8243; top_padding=&#8220;3&#8243; bottom_padding=&#8220;0&#8243; overlay_alpha=&#8220;50&#8243; equal_height=&#8220;yes&#8220; gutter_size=&#8220;0&#8243; column_width_percent=&#8220;100&#8243; shift_y=&#8220;0&#8243; z_index=&#8220;0&#8243; uncode_shortcode_id=&#8220;233257&#8243;][vc_column column_width_percent=&#8220;100&#8243; gutter_size=&#8220;3&#8243; override_padding=&#8220;yes&#8220; column_padding=&#8220;4&#8243; back_image=&#8220;904&#8243; overlay_alpha=&#8220;50&#8243; shift_x=&#8220;0&#8243; shift_y=&#8220;0&#8243; shift_y_down=&#8220;0&#8243; z_index=&#8220;0&#8243; medium_visibility=&#8220;yes&#8220; medium_width=&#8220;0&#8243; mobile_visibility=&#8220;yes&#8220; mobile_width=&#8220;0&#8243; css_animation=&#8220;bottom-t-top&#8220; animation_delay=&#8220;100&#8243; width=&#8220;1\/2&#8243; mobile_height=&#8220;300&#8243; uncode_shortcode_id=&#8220;468268&#8243;][\/vc_column][vc_column column_width_percent=&#8220;100&#8243; gutter_size=&#8220;0&#8243; overlay_alpha=&#8220;50&#8243; shift_x=&#8220;0&#8243; shift_y=&#8220;0&#8243; shift_y_down=&#8220;0&#8243; z_index=&#8220;0&#8243; medium_width=&#8220;0&#8243; mobile_width=&#8220;0&#8243; css_animation=&#8220;bottom-t-top&#8220; animation_delay=&#8220;300&#8243; width=&#8220;1\/2&#8243; uncode_shortcode_id=&#8220;183964&#8243;][vc_row_inner row_inner_height_percent=&#8220;50&#8243; overlay_alpha=&#8220;50&#8243; gutter_size=&#8220;3&#8243; shift_y=&#8220;0&#8243; z_index=&#8220;0&#8243; uncode_shortcode_id=&#8220;122770&#8243;][vc_column_inner column_width_percent=&#8220;100&#8243; gutter_size=&#8220;2&#8243; override_padding=&#8220;yes&#8220; column_padding=&#8220;4&#8243; overlay_alpha=&#8220;50&#8243; shift_x=&#8220;0&#8243; shift_y=&#8220;0&#8243; shift_y_down=&#8220;0&#8243; z_index=&#8220;0&#8243; medium_width=&#8220;0&#8243; mobile_width=&#8220;0&#8243; width=&#8220;1\/1&#8243;][vc_custom_heading heading_semantic=&#8220;h3&#8243; text_size=&#8220;h1&#8243; uncode_shortcode_id=&#8220;787785&#8243;]<\/p>\n<h3>Das Projekt<\/h3>\n<p>[\/vc_custom_heading][vc_column_text uncode_shortcode_id=&#8220;110916&#8243;]Anschlie\u00dfend bereiten wir alle erforderlichen Unterlagen f\u00fcr das Projekt vor, einschlie\u00dflich der Einholung der entsprechenden Genehmigungen und eines detaillierten Kostenvoranschlags f\u00fcr die Arbeiten zur Genehmigung durch den Kunden, so dass unser Team aus professionellen Bauarbeitern und Handwerkern mit dem Projekt beginnen kann.[\/vc_column_text][\/vc_column_inner][\/vc_row_inner][\/vc_column][\/vc_row][vc_row row_height_percent=&#8220;50&#8243; override_padding=&#8220;yes&#8220; h_padding=&#8220;0&#8243; top_padding=&#8220;3&#8243; bottom_padding=&#8220;3&#8243; overlay_alpha=&#8220;50&#8243; equal_height=&#8220;yes&#8220; gutter_size=&#8220;0&#8243; column_width_percent=&#8220;100&#8243; shift_y=&#8220;0&#8243; z_index=&#8220;0&#8243; uncode_shortcode_id=&#8220;404577&#8243;][vc_column column_width_percent=&#8220;100&#8243; gutter_size=&#8220;0&#8243; overlay_alpha=&#8220;50&#8243; shift_x=&#8220;0&#8243; shift_y=&#8220;0&#8243; shift_y_down=&#8220;0&#8243; z_index=&#8220;0&#8243; medium_width=&#8220;0&#8243; mobile_width=&#8220;0&#8243; css_animation=&#8220;bottom-t-top&#8220; animation_delay=&#8220;100&#8243; width=&#8220;1\/2&#8243; uncode_shortcode_id=&#8220;283406&#8243;][vc_row_inner row_inner_height_percent=&#8220;50&#8243; overlay_alpha=&#8220;50&#8243; gutter_size=&#8220;3&#8243; shift_y=&#8220;0&#8243; z_index=&#8220;0&#8243; uncode_shortcode_id=&#8220;299513&#8243;][vc_column_inner column_width_percent=&#8220;100&#8243; gutter_size=&#8220;3&#8243; override_padding=&#8220;yes&#8220; column_padding=&#8220;4&#8243; overlay_alpha=&#8220;50&#8243; shift_x=&#8220;0&#8243; shift_y=&#8220;0&#8243; z_index=&#8220;0&#8243; medium_width=&#8220;0&#8243; mobile_width=&#8220;0&#8243; width=&#8220;1\/1&#8243;][vc_custom_heading heading_semantic=&#8220;h3&#8243; text_size=&#8220;h1&#8243; uncode_shortcode_id=&#8220;777668&#8243;]<\/p>\n<h3>Bauwesen<\/h3>\n<p>[\/vc_custom_heading][vc_column_text uncode_shortcode_id=&#8220;177177&#8243;]Unser Bauservice umfasst regelm\u00e4\u00dfige Besuche vor Ort, Qualit\u00e4tskontrollen und Kundenkorrespondenz, um den Kunden \u00fcber die Planung und den Fortschritt des Projekts auf dem Laufenden zu halten.<br \/>\nWir legen gro\u00dfen Wert auf Detailtreue und sorgf\u00e4ltige Planung, mit einer st\u00e4ndigen \u00dcberwachung der Arbeiten.<br \/>\nAls komplettes Architektur- und Bauunternehmen verwalten wir den gesamten Prozess, ohne dass Sie zu viel verlangen.[\/vc_column_text][\/vc_column_inner][\/vc_row_inner][\/vc_column][vc_column column_width_percent=&#8220;100&#8243; gutter_size=&#8220;3&#8243; override_padding=&#8220;yes&#8220; column_padding=&#8220;4&#8243; back_image=&#8220;906&#8243; overlay_alpha=&#8220;50&#8243; shift_x=&#8220;0&#8243; shift_y=&#8220;0&#8243; shift_y_down=&#8220;0&#8243; z_index=&#8220;0&#8243; medium_width=&#8220;0&#8243; mobile_width=&#8220;0&#8243; css_animation=&#8220;bottom-t-top&#8220; animation_delay=&#8220;300&#8243; width=&#8220;1\/2&#8243; mobile_height=&#8220;340&#8243; uncode_shortcode_id=&#8220;394927&#8243;][\/vc_column][\/vc_row][vc_row unlock_row=&#8220;&#8220; row_height_percent=&#8220;0&#8243; overlay_alpha=&#8220;50&#8243; gutter_size=&#8220;3&#8243; column_width_percent=&#8220;100&#8243; shift_y=&#8220;0&#8243; z_index=&#8220;0&#8243; uncode_shortcode_id=&#8220;698333&#8243; css=&#8220;.vc_custom_1727870978890{padding-top: 40px !important;}&#8220;][vc_column column_width_percent=&#8220;100&#8243; position_vertical=&#8220;middle&#8220; align_horizontal=&#8220;align_center&#8220; gutter_size=&#8220;3&#8243; overlay_alpha=&#8220;50&#8243; shift_x=&#8220;0&#8243; shift_y=&#8220;0&#8243; shift_y_down=&#8220;0&#8243; z_index=&#8220;0&#8243; medium_width=&#8220;0&#8243; mobile_width=&#8220;0&#8243; width=&#8220;1\/1&#8243; uncode_shortcode_id=&#8220;135633&#8243;][vc_separator sep_color=&#8220;,Default&#8220;][vc_custom_heading heading_semantic=&#8220;p&#8220; text_size=&#8220;h1&#8243; uncode_shortcode_id=&#8220;751024&#8243;]<\/p>\n<h3>Neubauten, Renovierungs- und Sanierungsprojekte<\/h3>\n<p>[\/vc_custom_heading][vc_custom_heading heading_semantic=&#8220;p&#8220; text_size=&#8220;&#8220; uncode_shortcode_id=&#8220;420409&#8243;]Da bebaubare Grundst\u00fccke auf der Insel &#8211; vor allem im S\u00fcdwesten &#8211; immer seltener werden, suchen viele Kunden nach einer M\u00f6glichkeit, ihr bestehendes Anwesen zu renovieren und zu sanieren, oder sie kaufen es mit der Absicht, es komplett umzugestalten oder ihr Traumhaus zu bauen.  <b>Als komplettes Immobilienentwicklungsunternehmen arbeitet unser Architekturb\u00fcro mit unseren qualifizierten Bauarbeitern und Handwerkern zusammen, die \u00fcber jahrelange Erfahrung bei der Renovierung von Wohnungen und Villen verf\u00fcgen.<br \/>\nVon neuen B\u00e4dern oder K\u00fcchen, Swimmingpools und Au\u00dfenanlagen bis hin zum kompletten Abriss und Neubau sind wir sicher, dass wir Ihr Partner auf Mallorca sein k\u00f6nnen. <\/b>[\/vc_custom_heading][vc_separator sep_color=&#8220;,Default&#8220;][vc_button border_width=&#8220;0&#8243; uncode_shortcode_id=&#8220;165968&#8243; link=&#8220;url:https%3A%2F%2Fblueplanprojects.com%2Fde%2Fkontakt%2F|title:Kontakt|&#8220;]Kontaktieren Sie uns heute[\/vc_button][\/vc_column][\/vc_row]<\/p>\n<\/div>","protected":false},"excerpt":{"rendered":"<p>[vc_row row_height_percent=&#8220;70&#8243; override_padding=&#8220;yes&#8220; h_padding=&#8220;2&#8243; top_padding=&#8220;5&#8243; bottom_padding=&#8220;5&#8243; back_image=&#8220;902&#8243; back_position=&#8220;center center&#8220; overlay_alpha=&#8220;80&#8243; gutter_size=&#8220;3&#8243; column_width_percent=&#8220;100&#8243; shift_y=&#8220;0&#8243; z_index=&#8220;0&#8243; uncode_shortcode_id=&#8220;169217&#8243;][vc_column column_width_percent=&#8220;100&#8243; position_vertical=&#8220;middle&#8220; align_horizontal=&#8220;align_center&#8220; gutter_size=&#8220;2&#8243; style=&#8220;dark&#8220; [&hellip;]<\/p>\n","protected":false},"author":1,"featured_media":0,"parent":850,"menu_order":3,"comment_status":"closed","ping_status":"closed","template":"","meta":{"footnotes":""},"class_list":["post-913","page","type-page","status-publish","hentry"],"yoast_head":"<!-- This site is optimized with the Yoast SEO plugin v24.5 - https:\/\/yoast.com\/wordpress\/plugins\/seo\/ -->\n<title>Architektur - Plan Projects<\/title>\n<meta name=\"robots\" content=\"index, follow, max-snippet:-1, max-image-preview:large, max-video-preview:-1\" \/>\n<link rel=\"canonical\" href=\"https:\/\/blueplanprojects.com\/de\/dienstleistungen\/architektur\/\" \/>\n<meta property=\"og:locale\" content=\"de_DE\" \/>\n<meta property=\"og:type\" content=\"article\" \/>\n<meta property=\"og:title\" content=\"Architektur - Plan Projects\" \/>\n<meta property=\"og:description\" content=\"[vc_row row_height_percent=&#8220;70&#8243; override_padding=&#8220;yes&#8220; h_padding=&#8220;2&#8243; top_padding=&#8220;5&#8243; bottom_padding=&#8220;5&#8243; back_image=&#8220;902&#8243; back_position=&#8220;center center&#8220; overlay_alpha=&#8220;80&#8243; gutter_size=&#8220;3&#8243; column_width_percent=&#8220;100&#8243; shift_y=&#8220;0&#8243; z_index=&#8220;0&#8243; uncode_shortcode_id=&#8220;169217&#8243;][vc_column column_width_percent=&#8220;100&#8243; position_vertical=&#8220;middle&#8220; align_horizontal=&#8220;align_center&#8220; gutter_size=&#8220;2&#8243; style=&#8220;dark&#8220; [&hellip;]\" \/>\n<meta property=\"og:url\" content=\"https:\/\/blueplanprojects.com\/de\/dienstleistungen\/architektur\/\" \/>\n<meta property=\"og:site_name\" content=\"Plan Projects\" \/>\n<meta property=\"article:modified_time\" content=\"2024-10-02T13:05:04+00:00\" \/>\n<meta name=\"twitter:card\" content=\"summary_large_image\" \/>\n<meta name=\"twitter:label1\" content=\"Gesch\u00e4tzte Lesezeit\" \/>\n\t<meta name=\"twitter:data1\" content=\"7\u00a0Minuten\" \/>\n<script type=\"application\/ld+json\" class=\"yoast-schema-graph\">{\"@context\":\"https:\/\/schema.org\",\"@graph\":[{\"@type\":\"WebPage\",\"@id\":\"https:\/\/blueplanprojects.com\/de\/dienstleistungen\/architektur\/\",\"url\":\"https:\/\/blueplanprojects.com\/de\/dienstleistungen\/architektur\/\",\"name\":\"Architektur - Plan Projects\",\"isPartOf\":{\"@id\":\"https:\/\/blueplanprojects.com\/de\/#website\"},\"datePublished\":\"2024-10-02T12:46:14+00:00\",\"dateModified\":\"2024-10-02T13:05:04+00:00\",\"breadcrumb\":{\"@id\":\"https:\/\/blueplanprojects.com\/de\/dienstleistungen\/architektur\/#breadcrumb\"},\"inLanguage\":\"de\",\"potentialAction\":[{\"@type\":\"ReadAction\",\"target\":[\"https:\/\/blueplanprojects.com\/de\/dienstleistungen\/architektur\/\"]}]},{\"@type\":\"BreadcrumbList\",\"@id\":\"https:\/\/blueplanprojects.com\/de\/dienstleistungen\/architektur\/#breadcrumb\",\"itemListElement\":[{\"@type\":\"ListItem\",\"position\":1,\"name\":\"Home\",\"item\":\"https:\/\/blueplanprojects.com\/de\/\"},{\"@type\":\"ListItem\",\"position\":2,\"name\":\"Dienstleistungen\",\"item\":\"https:\/\/blueplanprojects.com\/de\/services\/\"},{\"@type\":\"ListItem\",\"position\":3,\"name\":\"Architektur\"}]},{\"@type\":\"WebSite\",\"@id\":\"https:\/\/blueplanprojects.com\/de\/#website\",\"url\":\"https:\/\/blueplanprojects.com\/de\/\",\"name\":\"Plan Projects\",\"description\":\"Architecture, Building, Reform Services in Mallorca\",\"publisher\":{\"@id\":\"https:\/\/blueplanprojects.com\/de\/#organization\"},\"potentialAction\":[{\"@type\":\"SearchAction\",\"target\":{\"@type\":\"EntryPoint\",\"urlTemplate\":\"https:\/\/blueplanprojects.com\/de\/?s={search_term_string}\"},\"query-input\":{\"@type\":\"PropertyValueSpecification\",\"valueRequired\":true,\"valueName\":\"search_term_string\"}}],\"inLanguage\":\"de\"},{\"@type\":\"Organization\",\"@id\":\"https:\/\/blueplanprojects.com\/de\/#organization\",\"name\":\"Plan Projects\",\"url\":\"https:\/\/blueplanprojects.com\/de\/\",\"logo\":{\"@type\":\"ImageObject\",\"inLanguage\":\"de\",\"@id\":\"https:\/\/blueplanprojects.com\/de\/#\/schema\/logo\/image\/\",\"url\":\"https:\/\/blueplanprojects.com\/wp-content\/uploads\/2024\/09\/plan-projects-logo.png\",\"contentUrl\":\"https:\/\/blueplanprojects.com\/wp-content\/uploads\/2024\/09\/plan-projects-logo.png\",\"width\":678,\"height\":132,\"caption\":\"Plan Projects\"},\"image\":{\"@id\":\"https:\/\/blueplanprojects.com\/de\/#\/schema\/logo\/image\/\"}}]}<\/script>\n<!-- \/ Yoast SEO plugin. -->","yoast_head_json":{"title":"Architektur - Plan Projects","robots":{"index":"index","follow":"follow","max-snippet":"max-snippet:-1","max-image-preview":"max-image-preview:large","max-video-preview":"max-video-preview:-1"},"canonical":"https:\/\/blueplanprojects.com\/de\/dienstleistungen\/architektur\/","og_locale":"de_DE","og_type":"article","og_title":"Architektur - Plan Projects","og_description":"[vc_row row_height_percent=&#8220;70&#8243; override_padding=&#8220;yes&#8220; h_padding=&#8220;2&#8243; top_padding=&#8220;5&#8243; bottom_padding=&#8220;5&#8243; back_image=&#8220;902&#8243; back_position=&#8220;center center&#8220; overlay_alpha=&#8220;80&#8243; gutter_size=&#8220;3&#8243; column_width_percent=&#8220;100&#8243; shift_y=&#8220;0&#8243; z_index=&#8220;0&#8243; uncode_shortcode_id=&#8220;169217&#8243;][vc_column column_width_percent=&#8220;100&#8243; position_vertical=&#8220;middle&#8220; align_horizontal=&#8220;align_center&#8220; gutter_size=&#8220;2&#8243; style=&#8220;dark&#8220; [&hellip;]","og_url":"https:\/\/blueplanprojects.com\/de\/dienstleistungen\/architektur\/","og_site_name":"Plan Projects","article_modified_time":"2024-10-02T13:05:04+00:00","twitter_card":"summary_large_image","twitter_misc":{"Gesch\u00e4tzte Lesezeit":"7\u00a0Minuten"},"schema":{"@context":"https:\/\/schema.org","@graph":[{"@type":"WebPage","@id":"https:\/\/blueplanprojects.com\/de\/dienstleistungen\/architektur\/","url":"https:\/\/blueplanprojects.com\/de\/dienstleistungen\/architektur\/","name":"Architektur - Plan Projects","isPartOf":{"@id":"https:\/\/blueplanprojects.com\/de\/#website"},"datePublished":"2024-10-02T12:46:14+00:00","dateModified":"2024-10-02T13:05:04+00:00","breadcrumb":{"@id":"https:\/\/blueplanprojects.com\/de\/dienstleistungen\/architektur\/#breadcrumb"},"inLanguage":"de","potentialAction":[{"@type":"ReadAction","target":["https:\/\/blueplanprojects.com\/de\/dienstleistungen\/architektur\/"]}]},{"@type":"BreadcrumbList","@id":"https:\/\/blueplanprojects.com\/de\/dienstleistungen\/architektur\/#breadcrumb","itemListElement":[{"@type":"ListItem","position":1,"name":"Home","item":"https:\/\/blueplanprojects.com\/de\/"},{"@type":"ListItem","position":2,"name":"Dienstleistungen","item":"https:\/\/blueplanprojects.com\/de\/services\/"},{"@type":"ListItem","position":3,"name":"Architektur"}]},{"@type":"WebSite","@id":"https:\/\/blueplanprojects.com\/de\/#website","url":"https:\/\/blueplanprojects.com\/de\/","name":"Plan Projects","description":"Architecture, Building, Reform Services in Mallorca","publisher":{"@id":"https:\/\/blueplanprojects.com\/de\/#organization"},"potentialAction":[{"@type":"SearchAction","target":{"@type":"EntryPoint","urlTemplate":"https:\/\/blueplanprojects.com\/de\/?s={search_term_string}"},"query-input":{"@type":"PropertyValueSpecification","valueRequired":true,"valueName":"search_term_string"}}],"inLanguage":"de"},{"@type":"Organization","@id":"https:\/\/blueplanprojects.com\/de\/#organization","name":"Plan Projects","url":"https:\/\/blueplanprojects.com\/de\/","logo":{"@type":"ImageObject","inLanguage":"de","@id":"https:\/\/blueplanprojects.com\/de\/#\/schema\/logo\/image\/","url":"https:\/\/blueplanprojects.com\/wp-content\/uploads\/2024\/09\/plan-projects-logo.png","contentUrl":"https:\/\/blueplanprojects.com\/wp-content\/uploads\/2024\/09\/plan-projects-logo.png","width":678,"height":132,"caption":"Plan Projects"},"image":{"@id":"https:\/\/blueplanprojects.com\/de\/#\/schema\/logo\/image\/"}}]}},"_links":{"self":[{"href":"https:\/\/blueplanprojects.com\/de\/wp-json\/wp\/v2\/pages\/913"}],"collection":[{"href":"https:\/\/blueplanprojects.com\/de\/wp-json\/wp\/v2\/pages"}],"about":[{"href":"https:\/\/blueplanprojects.com\/de\/wp-json\/wp\/v2\/types\/page"}],"author":[{"embeddable":true,"href":"https:\/\/blueplanprojects.com\/de\/wp-json\/wp\/v2\/users\/1"}],"replies":[{"embeddable":true,"href":"https:\/\/blueplanprojects.com\/de\/wp-json\/wp\/v2\/comments?post=913"}],"version-history":[{"count":4,"href":"https:\/\/blueplanprojects.com\/de\/wp-json\/wp\/v2\/pages\/913\/revisions"}],"predecessor-version":[{"id":918,"href":"https:\/\/blueplanprojects.com\/de\/wp-json\/wp\/v2\/pages\/913\/revisions\/918"}],"up":[{"embeddable":true,"href":"https:\/\/blueplanprojects.com\/de\/wp-json\/wp\/v2\/pages\/850"}],"wp:attachment":[{"href":"https:\/\/blueplanprojects.com\/de\/wp-json\/wp\/v2\/media?parent=913"}],"curies":[{"name":"wp","href":"https:\/\/api.w.org\/{rel}","templated":true}]}}