{"id":179,"date":"2024-09-26T07:46:24","date_gmt":"2024-09-26T07:46:24","guid":{"rendered":"https:\/\/blueplanprojects.com\/new\/kontakt\/"},"modified":"2025-01-31T05:35:46","modified_gmt":"2025-01-31T05:35:46","slug":"kontakt","status":"publish","type":"page","link":"https:\/\/blueplanprojects.com\/de\/kontakt\/","title":{"rendered":"Kontakt"},"content":{"rendered":"<div class=\"wpb-content-wrapper\"><p>[vc_row row_height_percent=&#8220;50&#8243; override_padding=&#8220;yes&#8220; h_padding=&#8220;2&#8243; top_padding=&#8220;5&#8243; bottom_padding=&#8220;5&#8243; back_image=&#8220;86&#8243; back_repeat=&#8220;no-repeat&#8220; back_position=&#8220;center bottom&#8220; overlay_alpha=&#8220;80&#8243; gutter_size=&#8220;100&#8243; column_width_percent=&#8220;100&#8243; shift_y=&#8220;0&#8243; z_index=&#8220;0&#8243; bottom_divider=&#8220;step&#8220; style=&#8220;inherited&#8220; css=&#8220;.vc_custom_1727864052341{border-top-width: 0px !important;}&#8220; el_class=&#8220;homepage-search&#8220; uncode_shortcode_id=&#8220;177424&#8243;][vc_column column_width_use_pixel=&#8220;yes&#8220; position_vertical=&#8220;middle&#8220; align_horizontal=&#8220;align_center&#8220; gutter_size=&#8220;2&#8243; style=&#8220;dark&#8220; overlay_alpha=&#8220;100&#8243; shift_x=&#8220;0&#8243; shift_y=&#8220;0&#8243; shift_y_down=&#8220;0&#8243; z_index=&#8220;0&#8243; medium_width=&#8220;0&#8243; mobile_width=&#8220;0&#8243; zoom_width=&#8220;0&#8243; zoom_height=&#8220;0&#8243; width=&#8220;1\/4&#8243; column_width_pixel=&#8220;900&#8243;][\/vc_column][vc_column column_width_percent=&#8220;100&#8243; position_vertical=&#8220;middle&#8220; align_horizontal=&#8220;align_center&#8220; gutter_size=&#8220;3&#8243; overlay_alpha=&#8220;50&#8243; shift_x=&#8220;0&#8243; shift_y=&#8220;0&#8243; shift_y_down=&#8220;0&#8243; z_index=&#8220;0&#8243; medium_width=&#8220;0&#8243; mobile_width=&#8220;0&#8243; width=&#8220;1\/2&#8243; uncode_shortcode_id=&#8220;127141&#8243;][\/vc_column][vc_column width=&#8220;1\/4&#8243;][\/vc_column][\/vc_row][vc_row][vc_column width=&#8220;1\/4&#8243;][\/vc_column][vc_column column_width_percent=&#8220;100&#8243; align_horizontal=&#8220;align_center&#8220; gutter_size=&#8220;3&#8243; overlay_alpha=&#8220;50&#8243; shift_x=&#8220;0&#8243; shift_y=&#8220;0&#8243; shift_y_down=&#8220;0&#8243; z_index=&#8220;0&#8243; medium_width=&#8220;0&#8243; mobile_width=&#8220;0&#8243; width=&#8220;1\/2&#8243; uncode_shortcode_id=&#8220;330416&#8243; css=&#8220;.vc_custom_1727864251079{padding-top: 20px !important;padding-bottom: 40px !important;}&#8220;][vc_custom_heading heading_semantic=&#8220;h1&#8243; text_size=&#8220;h1&#8243; sub_lead=&#8220;yes&#8220; sub_reduced=&#8220;yes&#8220; text_align=&#8220;text-center&#8220; uncode_shortcode_id=&#8220;209956&#8243;]<\/p>\n<h1>Kontaktieren Sie uns<\/h1>\n<p>[\/vc_custom_heading][vc_column_text text_lead=&#8220;yes&#8220; uncode_shortcode_id=&#8220;936531&#8243;]<\/p>\n<h3>Wir freuen uns darauf, Sie bei allen Aspekten Ihres Bauvorhabens auf Mallorca zu unterst\u00fctzen<\/h3>\n<p>[\/vc_column_text][\/vc_column][vc_column width=&#8220;1\/4&#8243;][\/vc_column][\/vc_row][vc_row unlock_row_content=&#8220;yes&#8220; row_height_percent=&#8220;0&#8243; override_padding=&#8220;yes&#8220; h_padding=&#8220;2&#8243; top_padding=&#8220;4&#8243; bottom_padding=&#8220;3&#8243; back_color=&#8220;color-wayh&#8220; overlay_alpha=&#8220;50&#8243; gutter_size=&#8220;3&#8243; column_width_percent=&#8220;100&#8243; shift_y=&#8220;0&#8243; z_index=&#8220;0&#8243; top_divider=&#8220;gradient&#8220; bottom_divider=&#8220;gradient&#8220; uncode_shortcode_id=&#8220;163245&#8243; back_color_type=&#8220;uncode-palette&#8220;][vc_column column_width_percent=&#8220;100&#8243; gutter_size=&#8220;3&#8243; overlay_alpha=&#8220;50&#8243; shift_x=&#8220;0&#8243; shift_y=&#8220;-4&#8243; shift_y_fixed=&#8220;yes&#8220; shift_y_down=&#8220;0&#8243; z_index=&#8220;0&#8243; medium_width=&#8220;0&#8243; mobile_width=&#8220;0&#8243; width=&#8220;1\/1&#8243;][vc_row_inner][vc_column_inner column_width_percent=&#8220;100&#8243; align_horizontal=&#8220;align_center&#8220; gutter_size=&#8220;3&#8243; override_padding=&#8220;yes&#8220; column_padding=&#8220;3&#8243; style=&#8220;light&#8220; back_color=&#8220;color-xsdn&#8220; overlay_alpha=&#8220;50&#8243; radius=&#8220;xs&#8220; shadow=&#8220;sm&#8220; shift_x=&#8220;0&#8243; shift_y=&#8220;0&#8243; shift_y_down=&#8220;0&#8243; z_index=&#8220;0&#8243; medium_width=&#8220;3&#8243; mobile_width=&#8220;0&#8243; shadow_hover=&#8220;yes&#8220; shadow_hover_weight=&#8220;std&#8220; width=&#8220;1\/2&#8243; uncode_shortcode_id=&#8220;280900&#8243; back_color_type=&#8220;uncode-palette&#8220;][vc_icon icon=&#8220;fa fa-envelope3&#8243; icon_color=&#8220;accent&#8220; size=&#8220;fa-3x&#8220; text_size=&#8220;h4&#8243; text_reduced=&#8220;yes&#8220; title=&#8220;E-Mail&#8220; link=&#8220;|||&#8220; uncode_shortcode_id=&#8220;109208&#8243; icon_color_type=&#8220;uncode-palette&#8220;]Klicken Sie auf die Schaltfl\u00e4che unten, um uns eine E-Mail zu senden[\/vc_icon][vc_button button_color=&#8220;accent&#8220; size=&#8220;btn-sm&#8220; border_width=&#8220;0&#8243; link=&#8220;url:mailto%3Ainfo%40blueplanprojects.com|&#8220; button_color_type=&#8220;uncode-palette&#8220; uncode_shortcode_id=&#8220;820313&#8243;]info@blueplanprojects.com[\/vc_button][\/vc_column_inner][vc_column_inner column_width_percent=&#8220;100&#8243; align_horizontal=&#8220;align_center&#8220; gutter_size=&#8220;3&#8243; override_padding=&#8220;yes&#8220; column_padding=&#8220;3&#8243; style=&#8220;light&#8220; back_color=&#8220;color-xsdn&#8220; overlay_alpha=&#8220;50&#8243; radius=&#8220;xs&#8220; shadow=&#8220;sm&#8220; shift_x=&#8220;0&#8243; shift_y=&#8220;0&#8243; shift_y_down=&#8220;0&#8243; z_index=&#8220;0&#8243; medium_width=&#8220;3&#8243; mobile_width=&#8220;0&#8243; shadow_hover=&#8220;yes&#8220; shadow_hover_weight=&#8220;std&#8220; width=&#8220;1\/2&#8243; uncode_shortcode_id=&#8220;153865&#8243; back_color_type=&#8220;uncode-palette&#8220;][vc_icon icon=&#8220;fa fa-phone&#8220; icon_color=&#8220;accent&#8220; size=&#8220;fa-3x&#8220; text_size=&#8220;h4&#8243; text_reduced=&#8220;yes&#8220; title=&#8220;Telefon&#8220; link=&#8220;|||&#8220; uncode_shortcode_id=&#8220;132773&#8243; icon_color_type=&#8220;uncode-palette&#8220;]Um Ihre Anforderungen direkt zu besprechen, rufen Sie uns bitte an[\/vc_icon][vc_button button_color=&#8220;accent&#8220; size=&#8220;btn-sm&#8220; border_width=&#8220;0&#8243; link=&#8220;url:tel%3A%2B34608349182&#8243; button_color_type=&#8220;uncode-palette&#8220; uncode_shortcode_id=&#8220;355847&#8243;]Rufen Sie an.+34 608\u00a034\u00a091\u00a082[\/vc_button][\/vc_column_inner][\/vc_row_inner][\/vc_column][\/vc_row][vc_row][vc_column width=&#8220;1\/4&#8243;][\/vc_column][vc_column column_width_percent=&#8220;100&#8243; align_horizontal=&#8220;align_center&#8220; gutter_size=&#8220;3&#8243; overlay_alpha=&#8220;50&#8243; shift_x=&#8220;0&#8243; shift_y=&#8220;0&#8243; shift_y_down=&#8220;0&#8243; z_index=&#8220;0&#8243; medium_width=&#8220;0&#8243; mobile_width=&#8220;0&#8243; width=&#8220;1\/2&#8243; uncode_shortcode_id=&#8220;124411&#8243; css=&#8220;.vc_custom_1727338484132{padding-top: 20px !important;}&#8220;][vc_column_text uncode_shortcode_id=&#8220;151890&#8243;]Wenn Sie weitere Informationen zu unseren Dienstleistungen in den Bereichen Architektur, Innen- und Au\u00dfendesign und Entwicklung w\u00fcnschen, kontaktieren Sie uns bitte auf einem der unten aufgef\u00fchrten Wege.<br \/>\nUnser Team verf\u00fcgt \u00fcber langj\u00e4hrige Erfahrung im Bau von Luxuswohnungen und Residenzen auf Mallorca.<br \/>\nWir freuen uns darauf, von Ihnen zu h\u00f6ren![\/vc_column_text][\/vc_column][vc_column width=&#8220;1\/4&#8243;][\/vc_column][\/vc_row][vc_row][vc_column width=&#8220;1\/1&#8243;]\n<div class=\"wpcf7 no-js\" id=\"wpcf7-f16-o1\" lang=\"en-US\" dir=\"ltr\" data-wpcf7-id=\"16\">\n<div class=\"screen-reader-response\"><p role=\"status\" aria-live=\"polite\" aria-atomic=\"true\"><\/p> <ul><\/ul><\/div>\n<form action=\"\/de\/wp-json\/wp\/v2\/pages\/179#wpcf7-f16-o1\" method=\"post\" class=\"wpcf7-form init\" aria-label=\"Contact form\" novalidate=\"novalidate\" data-status=\"init\">\n<div style=\"display: none;\">\n<input type=\"hidden\" name=\"_wpcf7\" value=\"16\" \/>\n<input type=\"hidden\" name=\"_wpcf7_version\" value=\"6.0.5\" \/>\n<input type=\"hidden\" name=\"_wpcf7_locale\" value=\"en_US\" \/>\n<input type=\"hidden\" name=\"_wpcf7_unit_tag\" value=\"wpcf7-f16-o1\" \/>\n<input type=\"hidden\" name=\"_wpcf7_container_post\" value=\"0\" \/>\n<input type=\"hidden\" name=\"_wpcf7_posted_data_hash\" value=\"\" \/>\n<input type=\"hidden\" name=\"_wpcf7_recaptcha_response\" value=\"\" \/>\n<\/div>\n<div class=\"left\">\n\t<p>First Name (required)\n\t<\/p>\n\t<p><span class=\"wpcf7-form-control-wrap\" data-name=\"your-firstname\"><input size=\"40\" maxlength=\"400\" class=\"wpcf7-form-control wpcf7-text wpcf7-validates-as-required\" aria-required=\"true\" aria-invalid=\"false\" value=\"\" type=\"text\" name=\"your-firstname\" \/><\/span>\n\t<\/p>\n<\/div>\n<div class=\"right\">\n\t<p>Last Name (required)\n\t<\/p>\n\t<p><span class=\"wpcf7-form-control-wrap\" data-name=\"your-lastname\"><input size=\"40\" maxlength=\"400\" class=\"wpcf7-form-control wpcf7-text wpcf7-validates-as-required\" aria-required=\"true\" aria-invalid=\"false\" value=\"\" type=\"text\" name=\"your-lastname\" \/><\/span>\n\t<\/p>\n<\/div>\n<div class=\"left\">\n\t<p>Email (required)\n\t<\/p>\n\t<p><span class=\"wpcf7-form-control-wrap\" data-name=\"your-email\"><input size=\"40\" maxlength=\"400\" class=\"wpcf7-form-control wpcf7-email wpcf7-validates-as-required wpcf7-text wpcf7-validates-as-email\" aria-required=\"true\" aria-invalid=\"false\" value=\"\" type=\"email\" name=\"your-email\" \/><\/span>\n\t<\/p>\n<\/div>\n<div class=\"right\">\n\t<p>Telephone (required)\n\t<\/p>\n\t<p><span class=\"wpcf7-form-control-wrap\" data-name=\"your-telephone\"><input size=\"40\" maxlength=\"400\" class=\"wpcf7-form-control wpcf7-tel wpcf7-validates-as-required wpcf7-text wpcf7-validates-as-tel\" aria-required=\"true\" aria-invalid=\"false\" value=\"\" type=\"tel\" name=\"your-telephone\" \/><\/span>\n\t<\/p>\n<\/div>\n<p>Message\n<\/p>\n<p><span class=\"wpcf7-form-control-wrap\" data-name=\"your-message\"><textarea cols=\"40\" rows=\"10\" maxlength=\"2000\" class=\"wpcf7-form-control wpcf7-textarea\" aria-invalid=\"false\" name=\"your-message\"><\/textarea><\/span>\n<\/p>\n<p><span class=\"wpcf7-form-control-wrap\" data-name=\"accept-this-1\"><span class=\"wpcf7-form-control wpcf7-acceptance\"><span class=\"wpcf7-list-item\"><label><input type=\"checkbox\" name=\"accept-this-1\" value=\"1\" aria-invalid=\"false\" \/><span class=\"wpcf7-list-item-label\">Check here if you accept our terms (<a href=\"#\">Privacy Policy<\/a>)<\/span><\/label><\/span><\/span><\/span>\n<\/p>\n<p><input class=\"wpcf7-form-control wpcf7-submit has-spinner btn btn-accent\" type=\"submit\" value=\"Send Message\" \/>\n<\/p><div class=\"wpcf7-response-output\" aria-hidden=\"true\"><\/div>\n<\/form>\n<\/div>\n[\/vc_column][\/vc_row]<\/p>\n<\/div>","protected":false},"excerpt":{"rendered":"<p>[vc_row row_height_percent=&#8220;50&#8243; override_padding=&#8220;yes&#8220; h_padding=&#8220;2&#8243; top_padding=&#8220;5&#8243; bottom_padding=&#8220;5&#8243; back_image=&#8220;86&#8243; back_repeat=&#8220;no-repeat&#8220; back_position=&#8220;center bottom&#8220; overlay_alpha=&#8220;80&#8243; gutter_size=&#8220;100&#8243; column_width_percent=&#8220;100&#8243; shift_y=&#8220;0&#8243; z_index=&#8220;0&#8243; bottom_divider=&#8220;step&#8220; style=&#8220;inherited&#8220; css=&#8220;.vc_custom_1727864052341{border-top-width: 0px !important;}&#8220; [&hellip;]<\/p>\n","protected":false},"author":1,"featured_media":0,"parent":0,"menu_order":7,"comment_status":"closed","ping_status":"closed","template":"","meta":{"footnotes":""},"class_list":["post-179","page","type-page","status-publish","hentry"],"yoast_head":"<!-- This site is optimized with the Yoast SEO plugin v24.5 - https:\/\/yoast.com\/wordpress\/plugins\/seo\/ -->\n<title>Kontakt - Plan Projects<\/title>\n<meta name=\"robots\" content=\"index, follow, max-snippet:-1, max-image-preview:large, max-video-preview:-1\" \/>\n<link rel=\"canonical\" href=\"https:\/\/blueplanprojects.com\/de\/kontakt\/\" \/>\n<meta property=\"og:locale\" content=\"de_DE\" \/>\n<meta property=\"og:type\" content=\"article\" \/>\n<meta property=\"og:title\" content=\"Kontakt - Plan Projects\" \/>\n<meta property=\"og:description\" content=\"[vc_row row_height_percent=&#8220;50&#8243; override_padding=&#8220;yes&#8220; h_padding=&#8220;2&#8243; top_padding=&#8220;5&#8243; bottom_padding=&#8220;5&#8243; back_image=&#8220;86&#8243; back_repeat=&#8220;no-repeat&#8220; back_position=&#8220;center bottom&#8220; overlay_alpha=&#8220;80&#8243; gutter_size=&#8220;100&#8243; column_width_percent=&#8220;100&#8243; shift_y=&#8220;0&#8243; z_index=&#8220;0&#8243; bottom_divider=&#8220;step&#8220; style=&#8220;inherited&#8220; css=&#8220;.vc_custom_1727864052341{border-top-width: 0px !important;}&#8220; [&hellip;]\" \/>\n<meta property=\"og:url\" content=\"https:\/\/blueplanprojects.com\/de\/kontakt\/\" \/>\n<meta property=\"og:site_name\" content=\"Plan Projects\" \/>\n<meta property=\"article:modified_time\" content=\"2025-01-31T05:35:46+00:00\" \/>\n<meta name=\"twitter:card\" content=\"summary_large_image\" \/>\n<meta name=\"twitter:label1\" content=\"Gesch\u00e4tzte Lesezeit\" \/>\n\t<meta name=\"twitter:data1\" content=\"2\u00a0Minuten\" \/>\n<script type=\"application\/ld+json\" class=\"yoast-schema-graph\">{\"@context\":\"https:\/\/schema.org\",\"@graph\":[{\"@type\":\"WebPage\",\"@id\":\"https:\/\/blueplanprojects.com\/de\/kontakt\/\",\"url\":\"https:\/\/blueplanprojects.com\/de\/kontakt\/\",\"name\":\"Kontakt - Plan Projects\",\"isPartOf\":{\"@id\":\"https:\/\/blueplanprojects.com\/de\/#website\"},\"datePublished\":\"2024-09-26T07:46:24+00:00\",\"dateModified\":\"2025-01-31T05:35:46+00:00\",\"breadcrumb\":{\"@id\":\"https:\/\/blueplanprojects.com\/de\/kontakt\/#breadcrumb\"},\"inLanguage\":\"de\",\"potentialAction\":[{\"@type\":\"ReadAction\",\"target\":[\"https:\/\/blueplanprojects.com\/de\/kontakt\/\"]}]},{\"@type\":\"BreadcrumbList\",\"@id\":\"https:\/\/blueplanprojects.com\/de\/kontakt\/#breadcrumb\",\"itemListElement\":[{\"@type\":\"ListItem\",\"position\":1,\"name\":\"Home\",\"item\":\"https:\/\/blueplanprojects.com\/de\/\"},{\"@type\":\"ListItem\",\"position\":2,\"name\":\"Kontakt\"}]},{\"@type\":\"WebSite\",\"@id\":\"https:\/\/blueplanprojects.com\/de\/#website\",\"url\":\"https:\/\/blueplanprojects.com\/de\/\",\"name\":\"Plan Projects\",\"description\":\"Architecture, Building, Reform Services in Mallorca\",\"publisher\":{\"@id\":\"https:\/\/blueplanprojects.com\/de\/#organization\"},\"potentialAction\":[{\"@type\":\"SearchAction\",\"target\":{\"@type\":\"EntryPoint\",\"urlTemplate\":\"https:\/\/blueplanprojects.com\/de\/?s={search_term_string}\"},\"query-input\":{\"@type\":\"PropertyValueSpecification\",\"valueRequired\":true,\"valueName\":\"search_term_string\"}}],\"inLanguage\":\"de\"},{\"@type\":\"Organization\",\"@id\":\"https:\/\/blueplanprojects.com\/de\/#organization\",\"name\":\"Plan Projects\",\"url\":\"https:\/\/blueplanprojects.com\/de\/\",\"logo\":{\"@type\":\"ImageObject\",\"inLanguage\":\"de\",\"@id\":\"https:\/\/blueplanprojects.com\/de\/#\/schema\/logo\/image\/\",\"url\":\"https:\/\/blueplanprojects.com\/wp-content\/uploads\/2024\/09\/plan-projects-logo.png\",\"contentUrl\":\"https:\/\/blueplanprojects.com\/wp-content\/uploads\/2024\/09\/plan-projects-logo.png\",\"width\":678,\"height\":132,\"caption\":\"Plan Projects\"},\"image\":{\"@id\":\"https:\/\/blueplanprojects.com\/de\/#\/schema\/logo\/image\/\"}}]}<\/script>\n<!-- \/ Yoast SEO plugin. -->","yoast_head_json":{"title":"Kontakt - Plan Projects","robots":{"index":"index","follow":"follow","max-snippet":"max-snippet:-1","max-image-preview":"max-image-preview:large","max-video-preview":"max-video-preview:-1"},"canonical":"https:\/\/blueplanprojects.com\/de\/kontakt\/","og_locale":"de_DE","og_type":"article","og_title":"Kontakt - Plan Projects","og_description":"[vc_row row_height_percent=&#8220;50&#8243; override_padding=&#8220;yes&#8220; h_padding=&#8220;2&#8243; top_padding=&#8220;5&#8243; bottom_padding=&#8220;5&#8243; back_image=&#8220;86&#8243; back_repeat=&#8220;no-repeat&#8220; back_position=&#8220;center bottom&#8220; overlay_alpha=&#8220;80&#8243; gutter_size=&#8220;100&#8243; column_width_percent=&#8220;100&#8243; shift_y=&#8220;0&#8243; z_index=&#8220;0&#8243; bottom_divider=&#8220;step&#8220; style=&#8220;inherited&#8220; css=&#8220;.vc_custom_1727864052341{border-top-width: 0px !important;}&#8220; [&hellip;]","og_url":"https:\/\/blueplanprojects.com\/de\/kontakt\/","og_site_name":"Plan Projects","article_modified_time":"2025-01-31T05:35:46+00:00","twitter_card":"summary_large_image","twitter_misc":{"Gesch\u00e4tzte Lesezeit":"2\u00a0Minuten"},"schema":{"@context":"https:\/\/schema.org","@graph":[{"@type":"WebPage","@id":"https:\/\/blueplanprojects.com\/de\/kontakt\/","url":"https:\/\/blueplanprojects.com\/de\/kontakt\/","name":"Kontakt - Plan Projects","isPartOf":{"@id":"https:\/\/blueplanprojects.com\/de\/#website"},"datePublished":"2024-09-26T07:46:24+00:00","dateModified":"2025-01-31T05:35:46+00:00","breadcrumb":{"@id":"https:\/\/blueplanprojects.com\/de\/kontakt\/#breadcrumb"},"inLanguage":"de","potentialAction":[{"@type":"ReadAction","target":["https:\/\/blueplanprojects.com\/de\/kontakt\/"]}]},{"@type":"BreadcrumbList","@id":"https:\/\/blueplanprojects.com\/de\/kontakt\/#breadcrumb","itemListElement":[{"@type":"ListItem","position":1,"name":"Home","item":"https:\/\/blueplanprojects.com\/de\/"},{"@type":"ListItem","position":2,"name":"Kontakt"}]},{"@type":"WebSite","@id":"https:\/\/blueplanprojects.com\/de\/#website","url":"https:\/\/blueplanprojects.com\/de\/","name":"Plan Projects","description":"Architecture, Building, Reform Services in Mallorca","publisher":{"@id":"https:\/\/blueplanprojects.com\/de\/#organization"},"potentialAction":[{"@type":"SearchAction","target":{"@type":"EntryPoint","urlTemplate":"https:\/\/blueplanprojects.com\/de\/?s={search_term_string}"},"query-input":{"@type":"PropertyValueSpecification","valueRequired":true,"valueName":"search_term_string"}}],"inLanguage":"de"},{"@type":"Organization","@id":"https:\/\/blueplanprojects.com\/de\/#organization","name":"Plan Projects","url":"https:\/\/blueplanprojects.com\/de\/","logo":{"@type":"ImageObject","inLanguage":"de","@id":"https:\/\/blueplanprojects.com\/de\/#\/schema\/logo\/image\/","url":"https:\/\/blueplanprojects.com\/wp-content\/uploads\/2024\/09\/plan-projects-logo.png","contentUrl":"https:\/\/blueplanprojects.com\/wp-content\/uploads\/2024\/09\/plan-projects-logo.png","width":678,"height":132,"caption":"Plan Projects"},"image":{"@id":"https:\/\/blueplanprojects.com\/de\/#\/schema\/logo\/image\/"}}]}},"_links":{"self":[{"href":"https:\/\/blueplanprojects.com\/de\/wp-json\/wp\/v2\/pages\/179"}],"collection":[{"href":"https:\/\/blueplanprojects.com\/de\/wp-json\/wp\/v2\/pages"}],"about":[{"href":"https:\/\/blueplanprojects.com\/de\/wp-json\/wp\/v2\/types\/page"}],"author":[{"embeddable":true,"href":"https:\/\/blueplanprojects.com\/de\/wp-json\/wp\/v2\/users\/1"}],"replies":[{"embeddable":true,"href":"https:\/\/blueplanprojects.com\/de\/wp-json\/wp\/v2\/comments?post=179"}],"version-history":[{"count":14,"href":"https:\/\/blueplanprojects.com\/de\/wp-json\/wp\/v2\/pages\/179\/revisions"}],"predecessor-version":[{"id":1251,"href":"https:\/\/blueplanprojects.com\/de\/wp-json\/wp\/v2\/pages\/179\/revisions\/1251"}],"wp:attachment":[{"href":"https:\/\/blueplanprojects.com\/de\/wp-json\/wp\/v2\/media?parent=179"}],"curies":[{"name":"wp","href":"https:\/\/api.w.org\/{rel}","templated":true}]}}