{"id":1222,"date":"2024-10-05T10:26:05","date_gmt":"2024-10-05T10:26:05","guid":{"rendered":"https:\/\/blueplanprojects.com\/projekte\/camp-de-mar-2\/"},"modified":"2024-10-05T10:32:53","modified_gmt":"2024-10-05T10:32:53","slug":"camp-de-mar-2","status":"publish","type":"page","link":"https:\/\/blueplanprojects.com\/de\/projekte\/camp-de-mar-2\/","title":{"rendered":"Camp de Mar"},"content":{"rendered":"<div class=\"wpb-content-wrapper\"><p>[vc_row row_height_percent=&#8220;35&#8243; override_padding=&#8220;yes&#8220; h_padding=&#8220;2&#8243; top_padding=&#8220;4&#8243; bottom_padding=&#8220;4&#8243; back_image=&#8220;774&#8243; overlay_alpha=&#8220;80&#8243; gutter_size=&#8220;3&#8243; column_width_percent=&#8220;100&#8243; shift_y=&#8220;0&#8243; z_index=&#8220;0&#8243; uncode_shortcode_id=&#8220;311852&#8243; css=&#8220;.vc_custom_1728123952967{padding-top: 100px !important;padding-bottom: 100px !important;}&#8220; back_size=&#8220;cover&#8220;][vc_column column_width_percent=&#8220;100&#8243; position_vertical=&#8220;middle&#8220; align_horizontal=&#8220;align_center&#8220; gutter_size=&#8220;2&#8243; style=&#8220;dark&#8220; overlay_alpha=&#8220;50&#8243; shift_x=&#8220;0&#8243; shift_y=&#8220;0&#8243; z_index=&#8220;0&#8243; medium_width=&#8220;0&#8243; mobile_width=&#8220;0&#8243; css_animation=&#8220;zoom-in&#8220; animation_speed=&#8220;600&#8243; animation_delay=&#8220;600&#8243; width=&#8220;1\/1&#8243;][\/vc_column][\/vc_row][vc_row unlock_row_content=&#8220;yes&#8220; row_height_percent=&#8220;0&#8243; overlay_alpha=&#8220;50&#8243; gutter_size=&#8220;3&#8243; column_width_percent=&#8220;100&#8243; shift_y=&#8220;0&#8243; z_index=&#8220;0&#8243; uncode_shortcode_id=&#8220;180398&#8243;][vc_column width=&#8220;1\/4&#8243;][\/vc_column][vc_column column_width_percent=&#8220;100&#8243; position_vertical=&#8220;middle&#8220; align_horizontal=&#8220;align_center&#8220; gutter_size=&#8220;2&#8243; override_padding=&#8220;yes&#8220; column_padding=&#8220;0&#8243; overlay_alpha=&#8220;50&#8243; shift_x=&#8220;0&#8243; shift_y=&#8220;0&#8243; shift_y_down=&#8220;0&#8243; z_index=&#8220;0&#8243; medium_width=&#8220;0&#8243; mobile_width=&#8220;0&#8243; width=&#8220;1\/2&#8243; uncode_shortcode_id=&#8220;120937&#8243; css=&#8220;.vc_custom_1728030151992{padding-bottom: 30px !important;}&#8220;][vc_custom_heading heading_semantic=&#8220;h1&#8243; text_size=&#8220;h6&#8243; text_transform=&#8220;uppercase&#8220; uncode_shortcode_id=&#8220;105173&#8243;]<\/p>\n<h1 style=\"text-align: center;\">Camp de Mar<\/h1>\n<p>[\/vc_custom_heading][vc_separator sep_color=&#8220;&#8220; uncode_shortcode_id=&#8220;893410&#8243;][vc_column_text uncode_shortcode_id=&#8220;123082&#8243;]<\/p>\n<h3>Traditionelles Villenprojekt in Camp de Mar, Andratx<\/h3>\n<p>[\/vc_column_text][\/vc_column][vc_column column_width_percent=&#8220;100&#8243; gutter_size=&#8220;0&#8243; overlay_alpha=&#8220;50&#8243; shift_x=&#8220;0&#8243; shift_y=&#8220;0&#8243; shift_y_down=&#8220;0&#8243; z_index=&#8220;0&#8243; medium_width=&#8220;0&#8243; mobile_width=&#8220;0&#8243; width=&#8220;1\/4&#8243; uncode_shortcode_id=&#8220;560340&#8243;][\/vc_column][\/vc_row][vc_row unlock_row=&#8220;&#8220; row_height_percent=&#8220;0&#8243; override_padding=&#8220;yes&#8220; h_padding=&#8220;0&#8243; top_padding=&#8220;0&#8243; bottom_padding=&#8220;2&#8243; overlay_alpha=&#8220;50&#8243; gutter_size=&#8220;0&#8243; column_width_percent=&#8220;100&#8243; shift_y=&#8220;0&#8243; z_index=&#8220;0&#8243; uncode_shortcode_id=&#8220;294872&#8243; css=&#8220;.vc_custom_1728027869463{padding-top: 0px !important;padding-right: 0px !important;padding-bottom: 0px !important;padding-left: 0px !important;}&#8220; el_id=&#8220;Galerie&#8220;][vc_column column_width_percent=&#8220;100&#8243; gutter_size=&#8220;3&#8243; override_padding=&#8220;yes&#8220; column_padding=&#8220;0&#8243; overlay_alpha=&#8220;50&#8243; shift_x=&#8220;0&#8243; shift_y=&#8220;0&#8243; shift_y_down=&#8220;0&#8243; z_index=&#8220;0&#8243; medium_width=&#8220;0&#8243; mobile_width=&#8220;0&#8243; width=&#8220;1\/1&#8243; uncode_shortcode_id=&#8220;154052&#8243; css=&#8220;.vc_custom_1727968089908{padding-top: 0px !important;padding-right: 0px !important;padding-bottom: 0px !important;padding-left: 0px !important;}&#8220;][vc_raw_html]W2d3dHNfZ3dsX2dhbGxlcnlfc2xpZGVyIGlkPSIxMTg4Il0=[\/vc_raw_html][\/vc_column][\/vc_row][vc_row unlock_row=&#8220;&#8220; row_height_percent=&#8220;0&#8243; overlay_alpha=&#8220;50&#8243; gutter_size=&#8220;3&#8243; column_width_percent=&#8220;100&#8243; shift_y=&#8220;0&#8243; z_index=&#8220;0&#8243; uncode_shortcode_id=&#8220;432686&#8243;][vc_column column_width_percent=&#8220;100&#8243; position_vertical=&#8220;middle&#8220; align_horizontal=&#8220;align_center&#8220; gutter_size=&#8220;3&#8243; expand_height=&#8220;yes&#8220; overlay_alpha=&#8220;50&#8243; shift_x=&#8220;0&#8243; shift_y=&#8220;0&#8243; shift_y_down=&#8220;0&#8243; z_index=&#8220;0&#8243; medium_width=&#8220;0&#8243; mobile_width=&#8220;0&#8243; width=&#8220;1\/1&#8243; uncode_shortcode_id=&#8220;322300&#8243;][vc_column_text uncode_shortcode_id=&#8220;568629&#8243;]<\/p>\n<h2>Traditionelle Villa auf mallorca<\/h2>\n<p>[\/vc_column_text][vc_column_text uncode_shortcode_id=&#8220;469610&#8243;]<\/p>\n<h3>Unsere Dienstleistungen:<\/h3>\n<p><strong>K\u00fcche umgestalten: <\/strong>Aktualisieren Sie Ihre K\u00fcche mit modernen Ger\u00e4ten, Schr\u00e4nken und Arbeitsplatten.<br \/>\n<strong>Renovierung des Badezimmers: <\/strong>Schaffen Sie eine Wellness-Oase mit luxuri\u00f6sen Einrichtungsgegenst\u00e4nden und Oberfl\u00e4chen.<br \/>\n<strong>Innenarchitektur: <\/strong>Verbessern Sie die \u00c4sthetik Ihrer Wohnung mit professionellen Designl\u00f6sungen.<br \/>\n<strong>Bodenbel\u00e4ge und Fliesen: <\/strong>Ersetzen Sie veraltete Bodenbel\u00e4ge und schaffen Sie einen frischen und modernen Look.<br \/>\n<strong>Elektro- und Sanit\u00e4rsanierung: <\/strong>Sorgen Sie daf\u00fcr, dass Ihre Wohnung sicher und funktionell ist, indem Sie die Elektro- und Sanit\u00e4rinstallationen auf den neuesten Stand bringen.[\/vc_column_text][vc_separator sep_color=&#8220;,Default&#8220;][vc_button button_color=&#8220;accent&#8220; size=&#8220;btn-lg&#8220; border_width=&#8220;0&#8243; uncode_shortcode_id=&#8220;710058&#8243; link=&#8220;url:https%3A%2F%2Fblueplanprojects.com%2Fde%2Fkontakt%2F|title:Kontakt|&#8220; width=&#8220;100%&#8220; button_color_type=&#8220;uncode-palette&#8220;]Kontaktieren Sie uns f\u00fcr weitere Informationen[\/vc_button][vc_separator sep_color=&#8220;,Default&#8220;][vc_column_text uncode_shortcode_id=&#8220;317516&#8243;]<\/p>\n<h3>Das k\u00f6nnte Sie auch interessieren:<\/h3>\n<p>[\/vc_column_text][\/vc_column][\/vc_row][vc_row unlock_row=&#8220;&#8220; row_height_percent=&#8220;0&#8243; override_padding=&#8220;yes&#8220; h_padding=&#8220;0&#8243; top_padding=&#8220;0&#8243; bottom_padding=&#8220;0&#8243; overlay_alpha=&#8220;50&#8243; gutter_size=&#8220;3&#8243; column_width_percent=&#8220;100&#8243; shift_y=&#8220;0&#8243; z_index=&#8220;0&#8243; mobile_visibility=&#8220;yes&#8220; uncode_shortcode_id=&#8220;540134&#8243; el_id=&#8220;verwandt&#8220;][vc_column column_width_percent=&#8220;100&#8243; position_vertical=&#8220;bottom&#8220; align_horizontal=&#8220;align_center&#8220; gutter_size=&#8220;4&#8243; back_image=&#8220;902&#8243; overlay_alpha=&#8220;50&#8243; shift_x=&#8220;0&#8243; shift_y=&#8220;0&#8243; shift_y_down=&#8220;0&#8243; z_index=&#8220;0&#8243; medium_width=&#8220;0&#8243; mobile_width=&#8220;0&#8243; width=&#8220;1\/4&#8243; uncode_shortcode_id=&#8220;101571&#8243; css=&#8220;.vc_custom_1728029216245{padding-top: 100px !important;padding-bottom: 100px !important;}&#8220;][vc_button radius=&#8220;btn-square&#8220; hover_fx=&#8220;full-colored&#8220; border_width=&#8220;0&#8243; button_color_type=&#8220;uncode-solid&#8220; button_color_solid=&#8220;#b8a067&#8243; uncode_shortcode_id=&#8220;269025&#8243; link=&#8220;url:https%3A%2F%2Fblueplanprojects.com%2Fde%2Fprojekte%2Flas-ruinas%2F|title:Gran%20Folies|&#8220;]Las Ruinas[\/vc_button][\/vc_column][vc_column column_width_percent=&#8220;100&#8243; position_vertical=&#8220;bottom&#8220; align_horizontal=&#8220;align_center&#8220; gutter_size=&#8220;3&#8243; back_image=&#8220;490&#8243; overlay_alpha=&#8220;50&#8243; shift_x=&#8220;0&#8243; shift_y=&#8220;0&#8243; shift_y_down=&#8220;0&#8243; z_index=&#8220;0&#8243; medium_width=&#8220;0&#8243; mobile_width=&#8220;0&#8243; width=&#8220;1\/4&#8243; uncode_shortcode_id=&#8220;142976&#8243; css=&#8220;.vc_custom_1728029125332{padding-top: 100px !important;padding-bottom: 100px !important;}&#8220;][vc_button radius=&#8220;btn-square&#8220; hover_fx=&#8220;full-colored&#8220; border_width=&#8220;0&#8243; button_color_type=&#8220;uncode-solid&#8220; button_color_solid=&#8220;#b8a067&#8243; uncode_shortcode_id=&#8220;994926&#8243; link=&#8220;url:https%3A%2F%2Fblueplanprojects.com%2Fde%2Fprojekte%2Fel-sueno%2F|title:Gran%20Folies|&#8220;]El Sue\u00f1o[\/vc_button][\/vc_column][vc_column column_width_percent=&#8220;100&#8243; position_vertical=&#8220;bottom&#8220; align_horizontal=&#8220;align_center&#8220; gutter_size=&#8220;3&#8243; back_image=&#8220;934&#8243; overlay_alpha=&#8220;50&#8243; shift_x=&#8220;0&#8243; shift_y=&#8220;0&#8243; shift_y_down=&#8220;0&#8243; z_index=&#8220;0&#8243; medium_width=&#8220;0&#8243; mobile_width=&#8220;0&#8243; width=&#8220;1\/4&#8243; uncode_shortcode_id=&#8220;146604&#8243; css=&#8220;.vc_custom_1728028176439{padding-top: 100px !important;padding-bottom: 100px !important;}&#8220;][vc_button radius=&#8220;btn-square&#8220; hover_fx=&#8220;full-colored&#8220; border_width=&#8220;0&#8243; button_color_type=&#8220;uncode-solid&#8220; button_color_solid=&#8220;#b8a067&#8243; uncode_shortcode_id=&#8220;620378&#8243; link=&#8220;url:https%3A%2F%2Fblueplanprojects.com%2Fde%2Fprojekte%2Fpuerto-portals%2F|title:Gran%20Folies|&#8220;]Puerto Portals[\/vc_button][\/vc_column][vc_column column_width_percent=&#8220;100&#8243; position_vertical=&#8220;bottom&#8220; align_horizontal=&#8220;align_center&#8220; gutter_size=&#8220;3&#8243; back_image=&#8220;948&#8243; overlay_alpha=&#8220;50&#8243; shift_x=&#8220;0&#8243; shift_y=&#8220;0&#8243; shift_y_down=&#8220;0&#8243; z_index=&#8220;0&#8243; medium_width=&#8220;0&#8243; mobile_width=&#8220;0&#8243; width=&#8220;1\/4&#8243; uncode_shortcode_id=&#8220;704578&#8243; css=&#8220;.vc_custom_1728028182756{padding-top: 100px !important;padding-bottom: 100px !important;}&#8220;][vc_button radius=&#8220;btn-square&#8220; hover_fx=&#8220;full-colored&#8220; border_width=&#8220;0&#8243; button_color_type=&#8220;uncode-solid&#8220; button_color_solid=&#8220;#b8a067&#8243; uncode_shortcode_id=&#8220;205931&#8243; link=&#8220;url:https%3A%2F%2Fblueplanprojects.com%2Fde%2Fprojekte%2Fcan-leon%2F|title:Gran%20Folies|&#8220;]Can Leon[\/vc_button][\/vc_column][\/vc_row][vc_row unlock_row_content=&#8220;yes&#8220; row_height_percent=&#8220;0&#8243; override_padding=&#8220;yes&#8220; h_padding=&#8220;0&#8243; top_padding=&#8220;0&#8243; bottom_padding=&#8220;0&#8243; overlay_alpha=&#8220;50&#8243; gutter_size=&#8220;3&#8243; column_width_percent=&#8220;100&#8243; shift_y=&#8220;0&#8243; z_index=&#8220;0&#8243; desktop_visibility=&#8220;yes&#8220; medium_visibility=&#8220;yes&#8220; inverted_device_order=&#8220;yes&#8220; auto_height_device=&#8220;yes&#8220; uncode_shortcode_id=&#8220;136152&#8243;][vc_column column_width_percent=&#8220;100&#8243; position_vertical=&#8220;middle&#8220; align_horizontal=&#8220;align_center&#8220; gutter_size=&#8220;4&#8243; back_image=&#8220;902&#8243; overlay_alpha=&#8220;50&#8243; shift_x=&#8220;0&#8243; shift_y=&#8220;0&#8243; shift_y_down=&#8220;0&#8243; z_index=&#8220;0&#8243; medium_width=&#8220;0&#8243; mobile_width=&#8220;0&#8243; width=&#8220;1\/4&#8243; uncode_shortcode_id=&#8220;781792&#8243; css=&#8220;.vc_custom_1728029225588{padding-top: 100px !important;padding-bottom: 100px !important;}&#8220;][vc_button radius=&#8220;btn-square&#8220; hover_fx=&#8220;full-colored&#8220; border_width=&#8220;0&#8243; button_color_type=&#8220;uncode-solid&#8220; button_color_solid=&#8220;#b8a067&#8243; uncode_shortcode_id=&#8220;269025&#8243; link=&#8220;url:https%3A%2F%2Fblueplanprojects.com%2Fde%2Fprojekte%2Flas-ruinas%2F|title:Gran%20Folies|&#8220;]Las Ruinas[\/vc_button][\/vc_column][vc_column column_width_percent=&#8220;100&#8243; position_vertical=&#8220;middle&#8220; align_horizontal=&#8220;align_center&#8220; gutter_size=&#8220;3&#8243; back_image=&#8220;490&#8243; overlay_alpha=&#8220;50&#8243; shift_x=&#8220;0&#8243; shift_y=&#8220;0&#8243; shift_y_down=&#8220;0&#8243; z_index=&#8220;0&#8243; medium_width=&#8220;0&#8243; mobile_width=&#8220;0&#8243; width=&#8220;1\/4&#8243; uncode_shortcode_id=&#8220;182540&#8243; css=&#8220;.vc_custom_1728029154211{padding-top: 100px !important;padding-bottom: 100px !important;}&#8220;][vc_button radius=&#8220;btn-square&#8220; hover_fx=&#8220;full-colored&#8220; border_width=&#8220;0&#8243; button_color_type=&#8220;uncode-solid&#8220; button_color_solid=&#8220;#b8a067&#8243; uncode_shortcode_id=&#8220;207965&#8243; link=&#8220;url:https%3A%2F%2Fblueplanprojects.com%2Fde%2Fprojekte%2Fel-sueno%2F|title:Gran%20Folies|&#8220;]El Sue\u00f1o[\/vc_button][\/vc_column][vc_column column_width_percent=&#8220;100&#8243; position_vertical=&#8220;middle&#8220; align_horizontal=&#8220;align_center&#8220; gutter_size=&#8220;3&#8243; back_image=&#8220;934&#8243; overlay_alpha=&#8220;50&#8243; shift_x=&#8220;0&#8243; shift_y=&#8220;0&#8243; shift_y_down=&#8220;0&#8243; z_index=&#8220;0&#8243; medium_width=&#8220;0&#8243; mobile_width=&#8220;0&#8243; width=&#8220;1\/4&#8243; uncode_shortcode_id=&#8220;524950&#8243; css=&#8220;.vc_custom_1727962379791{padding-top: 100px !important;padding-bottom: 100px !important;}&#8220;][vc_button radius=&#8220;btn-square&#8220; hover_fx=&#8220;full-colored&#8220; border_width=&#8220;0&#8243; button_color_type=&#8220;uncode-solid&#8220; button_color_solid=&#8220;#b8a067&#8243; uncode_shortcode_id=&#8220;620378&#8243; link=&#8220;url:https%3A%2F%2Fblueplanprojects.com%2Fde%2Fprojekte%2Fpuerto-portals%2F|title:Gran%20Folies|&#8220;]Puerto Portals[\/vc_button][\/vc_column][vc_column column_width_percent=&#8220;100&#8243; position_vertical=&#8220;middle&#8220; align_horizontal=&#8220;align_center&#8220; gutter_size=&#8220;3&#8243; back_image=&#8220;948&#8243; overlay_alpha=&#8220;50&#8243; shift_x=&#8220;0&#8243; shift_y=&#8220;0&#8243; shift_y_down=&#8220;0&#8243; z_index=&#8220;0&#8243; medium_width=&#8220;0&#8243; mobile_width=&#8220;0&#8243; width=&#8220;1\/4&#8243; uncode_shortcode_id=&#8220;425915&#8243; css=&#8220;.vc_custom_1727962356729{padding-top: 100px !important;padding-bottom: 100px !important;}&#8220;][vc_button radius=&#8220;btn-square&#8220; hover_fx=&#8220;full-colored&#8220; border_width=&#8220;0&#8243; button_color_type=&#8220;uncode-solid&#8220; button_color_solid=&#8220;#b8a067&#8243; uncode_shortcode_id=&#8220;205931&#8243; link=&#8220;url:https%3A%2F%2Fblueplanprojects.com%2Fde%2Fprojekte%2Fcan-leon%2F|title:Gran%20Folies|&#8220;]Can Leon[\/vc_button][\/vc_column][\/vc_row][vc_row][vc_column column_width_percent=&#8220;100&#8243; align_horizontal=&#8220;align_center&#8220; gutter_size=&#8220;3&#8243; overlay_alpha=&#8220;50&#8243; shift_x=&#8220;0&#8243; shift_y=&#8220;0&#8243; shift_y_down=&#8220;0&#8243; z_index=&#8220;0&#8243; medium_width=&#8220;0&#8243; mobile_width=&#8220;0&#8243; width=&#8220;1\/1&#8243; uncode_shortcode_id=&#8220;111548&#8243;][vc_button button_color=&#8220;accent&#8220; size=&#8220;btn-lg&#8220; border_width=&#8220;0&#8243; button_color_type=&#8220;uncode-palette&#8220; uncode_shortcode_id=&#8220;178737&#8243; link=&#8220;url:https%3A%2F%2Fblueplanprojects.com%2Fde%2Fprojekte%2F|title:Projekte|&#8220;]Alle Projekte anzeigen[\/vc_button][\/vc_column][\/vc_row]<\/p>\n<\/div>","protected":false},"excerpt":{"rendered":"<p>[vc_row row_height_percent=&#8220;35&#8243; override_padding=&#8220;yes&#8220; h_padding=&#8220;2&#8243; top_padding=&#8220;4&#8243; bottom_padding=&#8220;4&#8243; back_image=&#8220;774&#8243; overlay_alpha=&#8220;80&#8243; gutter_size=&#8220;3&#8243; column_width_percent=&#8220;100&#8243; shift_y=&#8220;0&#8243; z_index=&#8220;0&#8243; uncode_shortcode_id=&#8220;311852&#8243; css=&#8220;.vc_custom_1728123952967{padding-top: 100px !important;padding-bottom: 100px !important;}&#8220; back_size=&#8220;cover&#8220;][vc_column column_width_percent=&#8220;100&#8243; [&hellip;]<\/p>\n","protected":false},"author":1,"featured_media":0,"parent":857,"menu_order":10,"comment_status":"closed","ping_status":"closed","template":"","meta":{"footnotes":""},"class_list":["post-1222","page","type-page","status-publish","hentry","page_category-projectt-de"],"yoast_head":"<!-- This site is optimized with the Yoast SEO plugin v24.5 - https:\/\/yoast.com\/wordpress\/plugins\/seo\/ -->\n<title>Camp de Mar - Plan Projects<\/title>\n<meta name=\"robots\" content=\"index, follow, max-snippet:-1, max-image-preview:large, max-video-preview:-1\" \/>\n<link rel=\"canonical\" href=\"https:\/\/blueplanprojects.com\/de\/projekte\/camp-de-mar-2\/\" \/>\n<meta property=\"og:locale\" content=\"de_DE\" \/>\n<meta property=\"og:type\" content=\"article\" \/>\n<meta property=\"og:title\" content=\"Camp de Mar - Plan Projects\" \/>\n<meta property=\"og:description\" content=\"[vc_row row_height_percent=&#8220;35&#8243; override_padding=&#8220;yes&#8220; h_padding=&#8220;2&#8243; top_padding=&#8220;4&#8243; bottom_padding=&#8220;4&#8243; back_image=&#8220;774&#8243; overlay_alpha=&#8220;80&#8243; gutter_size=&#8220;3&#8243; column_width_percent=&#8220;100&#8243; shift_y=&#8220;0&#8243; z_index=&#8220;0&#8243; uncode_shortcode_id=&#8220;311852&#8243; css=&#8220;.vc_custom_1728123952967{padding-top: 100px !important;padding-bottom: 100px !important;}&#8220; back_size=&#8220;cover&#8220;][vc_column column_width_percent=&#8220;100&#8243; [&hellip;]\" \/>\n<meta property=\"og:url\" content=\"https:\/\/blueplanprojects.com\/de\/projekte\/camp-de-mar-2\/\" \/>\n<meta property=\"og:site_name\" content=\"Plan Projects\" \/>\n<meta property=\"article:modified_time\" content=\"2024-10-05T10:32:53+00:00\" \/>\n<meta name=\"twitter:card\" content=\"summary_large_image\" \/>\n<meta name=\"twitter:label1\" content=\"Gesch\u00e4tzte Lesezeit\" \/>\n\t<meta name=\"twitter:data1\" content=\"7\u00a0Minuten\" \/>\n<script type=\"application\/ld+json\" class=\"yoast-schema-graph\">{\"@context\":\"https:\/\/schema.org\",\"@graph\":[{\"@type\":\"WebPage\",\"@id\":\"https:\/\/blueplanprojects.com\/de\/projekte\/camp-de-mar-2\/\",\"url\":\"https:\/\/blueplanprojects.com\/de\/projekte\/camp-de-mar-2\/\",\"name\":\"Camp de Mar - Plan Projects\",\"isPartOf\":{\"@id\":\"https:\/\/blueplanprojects.com\/de\/#website\"},\"datePublished\":\"2024-10-05T10:26:05+00:00\",\"dateModified\":\"2024-10-05T10:32:53+00:00\",\"breadcrumb\":{\"@id\":\"https:\/\/blueplanprojects.com\/de\/projekte\/camp-de-mar-2\/#breadcrumb\"},\"inLanguage\":\"de\",\"potentialAction\":[{\"@type\":\"ReadAction\",\"target\":[\"https:\/\/blueplanprojects.com\/de\/projekte\/camp-de-mar-2\/\"]}]},{\"@type\":\"BreadcrumbList\",\"@id\":\"https:\/\/blueplanprojects.com\/de\/projekte\/camp-de-mar-2\/#breadcrumb\",\"itemListElement\":[{\"@type\":\"ListItem\",\"position\":1,\"name\":\"Home\",\"item\":\"https:\/\/blueplanprojects.com\/de\/\"},{\"@type\":\"ListItem\",\"position\":2,\"name\":\"Projekte\",\"item\":\"https:\/\/blueplanprojects.com\/de\/projekte\/\"},{\"@type\":\"ListItem\",\"position\":3,\"name\":\"Camp de Mar\"}]},{\"@type\":\"WebSite\",\"@id\":\"https:\/\/blueplanprojects.com\/de\/#website\",\"url\":\"https:\/\/blueplanprojects.com\/de\/\",\"name\":\"Plan Projects\",\"description\":\"Architecture, Building, Reform Services in Mallorca\",\"publisher\":{\"@id\":\"https:\/\/blueplanprojects.com\/de\/#organization\"},\"potentialAction\":[{\"@type\":\"SearchAction\",\"target\":{\"@type\":\"EntryPoint\",\"urlTemplate\":\"https:\/\/blueplanprojects.com\/de\/?s={search_term_string}\"},\"query-input\":{\"@type\":\"PropertyValueSpecification\",\"valueRequired\":true,\"valueName\":\"search_term_string\"}}],\"inLanguage\":\"de\"},{\"@type\":\"Organization\",\"@id\":\"https:\/\/blueplanprojects.com\/de\/#organization\",\"name\":\"Plan Projects\",\"url\":\"https:\/\/blueplanprojects.com\/de\/\",\"logo\":{\"@type\":\"ImageObject\",\"inLanguage\":\"de\",\"@id\":\"https:\/\/blueplanprojects.com\/de\/#\/schema\/logo\/image\/\",\"url\":\"https:\/\/blueplanprojects.com\/wp-content\/uploads\/2024\/09\/plan-projects-logo.png\",\"contentUrl\":\"https:\/\/blueplanprojects.com\/wp-content\/uploads\/2024\/09\/plan-projects-logo.png\",\"width\":678,\"height\":132,\"caption\":\"Plan Projects\"},\"image\":{\"@id\":\"https:\/\/blueplanprojects.com\/de\/#\/schema\/logo\/image\/\"}}]}<\/script>\n<!-- \/ Yoast SEO plugin. -->","yoast_head_json":{"title":"Camp de Mar - Plan Projects","robots":{"index":"index","follow":"follow","max-snippet":"max-snippet:-1","max-image-preview":"max-image-preview:large","max-video-preview":"max-video-preview:-1"},"canonical":"https:\/\/blueplanprojects.com\/de\/projekte\/camp-de-mar-2\/","og_locale":"de_DE","og_type":"article","og_title":"Camp de Mar - Plan Projects","og_description":"[vc_row row_height_percent=&#8220;35&#8243; override_padding=&#8220;yes&#8220; h_padding=&#8220;2&#8243; top_padding=&#8220;4&#8243; bottom_padding=&#8220;4&#8243; back_image=&#8220;774&#8243; overlay_alpha=&#8220;80&#8243; gutter_size=&#8220;3&#8243; column_width_percent=&#8220;100&#8243; shift_y=&#8220;0&#8243; z_index=&#8220;0&#8243; uncode_shortcode_id=&#8220;311852&#8243; css=&#8220;.vc_custom_1728123952967{padding-top: 100px !important;padding-bottom: 100px !important;}&#8220; back_size=&#8220;cover&#8220;][vc_column column_width_percent=&#8220;100&#8243; [&hellip;]","og_url":"https:\/\/blueplanprojects.com\/de\/projekte\/camp-de-mar-2\/","og_site_name":"Plan Projects","article_modified_time":"2024-10-05T10:32:53+00:00","twitter_card":"summary_large_image","twitter_misc":{"Gesch\u00e4tzte Lesezeit":"7\u00a0Minuten"},"schema":{"@context":"https:\/\/schema.org","@graph":[{"@type":"WebPage","@id":"https:\/\/blueplanprojects.com\/de\/projekte\/camp-de-mar-2\/","url":"https:\/\/blueplanprojects.com\/de\/projekte\/camp-de-mar-2\/","name":"Camp de Mar - Plan Projects","isPartOf":{"@id":"https:\/\/blueplanprojects.com\/de\/#website"},"datePublished":"2024-10-05T10:26:05+00:00","dateModified":"2024-10-05T10:32:53+00:00","breadcrumb":{"@id":"https:\/\/blueplanprojects.com\/de\/projekte\/camp-de-mar-2\/#breadcrumb"},"inLanguage":"de","potentialAction":[{"@type":"ReadAction","target":["https:\/\/blueplanprojects.com\/de\/projekte\/camp-de-mar-2\/"]}]},{"@type":"BreadcrumbList","@id":"https:\/\/blueplanprojects.com\/de\/projekte\/camp-de-mar-2\/#breadcrumb","itemListElement":[{"@type":"ListItem","position":1,"name":"Home","item":"https:\/\/blueplanprojects.com\/de\/"},{"@type":"ListItem","position":2,"name":"Projekte","item":"https:\/\/blueplanprojects.com\/de\/projekte\/"},{"@type":"ListItem","position":3,"name":"Camp de Mar"}]},{"@type":"WebSite","@id":"https:\/\/blueplanprojects.com\/de\/#website","url":"https:\/\/blueplanprojects.com\/de\/","name":"Plan Projects","description":"Architecture, Building, Reform Services in Mallorca","publisher":{"@id":"https:\/\/blueplanprojects.com\/de\/#organization"},"potentialAction":[{"@type":"SearchAction","target":{"@type":"EntryPoint","urlTemplate":"https:\/\/blueplanprojects.com\/de\/?s={search_term_string}"},"query-input":{"@type":"PropertyValueSpecification","valueRequired":true,"valueName":"search_term_string"}}],"inLanguage":"de"},{"@type":"Organization","@id":"https:\/\/blueplanprojects.com\/de\/#organization","name":"Plan Projects","url":"https:\/\/blueplanprojects.com\/de\/","logo":{"@type":"ImageObject","inLanguage":"de","@id":"https:\/\/blueplanprojects.com\/de\/#\/schema\/logo\/image\/","url":"https:\/\/blueplanprojects.com\/wp-content\/uploads\/2024\/09\/plan-projects-logo.png","contentUrl":"https:\/\/blueplanprojects.com\/wp-content\/uploads\/2024\/09\/plan-projects-logo.png","width":678,"height":132,"caption":"Plan Projects"},"image":{"@id":"https:\/\/blueplanprojects.com\/de\/#\/schema\/logo\/image\/"}}]}},"_links":{"self":[{"href":"https:\/\/blueplanprojects.com\/de\/wp-json\/wp\/v2\/pages\/1222"}],"collection":[{"href":"https:\/\/blueplanprojects.com\/de\/wp-json\/wp\/v2\/pages"}],"about":[{"href":"https:\/\/blueplanprojects.com\/de\/wp-json\/wp\/v2\/types\/page"}],"author":[{"embeddable":true,"href":"https:\/\/blueplanprojects.com\/de\/wp-json\/wp\/v2\/users\/1"}],"replies":[{"embeddable":true,"href":"https:\/\/blueplanprojects.com\/de\/wp-json\/wp\/v2\/comments?post=1222"}],"version-history":[{"count":2,"href":"https:\/\/blueplanprojects.com\/de\/wp-json\/wp\/v2\/pages\/1222\/revisions"}],"predecessor-version":[{"id":1224,"href":"https:\/\/blueplanprojects.com\/de\/wp-json\/wp\/v2\/pages\/1222\/revisions\/1224"}],"up":[{"embeddable":true,"href":"https:\/\/blueplanprojects.com\/de\/wp-json\/wp\/v2\/pages\/857"}],"wp:attachment":[{"href":"https:\/\/blueplanprojects.com\/de\/wp-json\/wp\/v2\/media?parent=1222"}],"curies":[{"name":"wp","href":"https:\/\/api.w.org\/{rel}","templated":true}]}}